{"id":1216,"date":"2022-08-09T16:38:32","date_gmt":"2022-08-09T14:38:32","guid":{"rendered":"https:\/\/xr-easy.com\/assembly-planning\/"},"modified":"2025-11-12T17:10:25","modified_gmt":"2025-11-12T16:10:25","slug":"montageplanung","status":"publish","type":"page","link":"https:\/\/xr-easy.com\/de\/anwendungen\/montageplanung\/","title":{"rendered":"Montageplanung"},"content":{"rendered":"<section class=\"l-section wpb_row height_large with_img\"><div class=\"l-section-img\" role=\"img\" aria-label=\"Assembly Planning\" data-img-width=\"1920\" data-img-height=\"500\" style=\"background-image: url(https:\/\/xr-easy.com\/wp-content\/uploads\/2022\/08\/ergonomic-workstations.jpg);background-repeat: no-repeat;\"><\/div><div class=\"l-section-overlay\" style=\"background:rgba(26,26,26,0.40)\"><\/div><div class=\"l-section-h i-cf\"><div class=\"g-cols vc_row via_grid cols_1 laptops-cols_inherit tablets-cols_inherit mobiles-cols_1 valign_top type_default stacking_default\"><div class=\"wpb_column vc_column_container\"><div class=\"vc_column-inner\"><div class=\"wpb_text_column us_custom_72818f3b has_text_color\"><div class=\"wpb_wrapper\"><h1>Virtuelle Montageplanung<\/h1>\n<\/div><\/div><div class=\"w-separator size_medium\"><\/div><\/div><\/div><\/div><\/div><\/section><section class=\"l-section wpb_row use-case-move-row last-row height_auto\"><div class=\"l-section-h i-cf\"><div class=\"g-cols vc_row via_grid cols_1 laptops-cols_inherit tablets-cols_inherit mobiles-cols_1 valign_top type_default stacking_default\"><div class=\"wpb_column vc_column_container\"><div class=\"vc_column-inner\"><div class=\"w-separator size_medium\"><\/div><div class=\"wpb_text_column us_custom_87d87be3\"><div class=\"wpb_wrapper\"><p>XR-EASY er\u00f6ffnet neue Wege in der Montageplanung: Mit XR-EASY kann jeder jederzeit und \u00fcberall mit blo\u00dfen H\u00e4nden intuitiv an virtuellen Prototypen arbeiten. So k\u00f6nnen Montageprozesse simuliert, Greif- und Montageschritte optimiert und insgesamt Verschwendung reduziert werden. Das spart viel Zeit, Geld und erh\u00f6ht die Arbeitssicherheit.<\/p>\n<\/div><\/div><nav class=\"w-menu us_custom_c53ec798 use-cases-menu hide_on_tablets hide_on_mobiles layout_ver style_links us_menu_1\" style=\"--main-gap:1.5rem;--main-ver-indent:0.8em;--main-hor-indent:0.8em;--main-color:inherit;\"><ul id=\"menu-de_use-cases\" class=\"menu\"><li id=\"menu-item-9927\" class=\"menu-item menu-item-type-post_type menu-item-object-page menu-item-9927\"><a href=\"https:\/\/xr-easy.com\/de\/anwendungen\/montageplanung\/\">Montageplanung<\/a><\/li><li id=\"menu-item-9926\" class=\"menu-item menu-item-type-post_type menu-item-object-page menu-item-9926\"><a href=\"https:\/\/xr-easy.com\/de\/anwendungen\/design-review\/\">Design Review<\/a><\/li><li id=\"menu-item-9928\" class=\"menu-item menu-item-type-post_type menu-item-object-page menu-item-9928\"><a href=\"https:\/\/xr-easy.com\/de\/anwendungen\/showroom\/\">Showroom<\/a><\/li><li id=\"menu-item-9929\" class=\"menu-item menu-item-type-post_type menu-item-object-page menu-item-9929\"><a target=\"_blank\" href=\"https:\/\/xr-easy.com\/de\/vr-studio\/\">Studio<\/a><\/li><\/ul><style>@media ( max-width:600px ){.us_menu_1 .menu{display:block!important}.us_menu_1 .menu>li{margin:0 0 var(--main-gap,1.5rem)!important}}<\/style><\/nav>\n<div class=\"w-separator size_large\"><\/div><div class=\"wpb_text_column us_custom_e4e730e4\"><div class=\"wpb_wrapper\"><h2>Arbeitsschritte werden virtuell simuliert und das 3D-Modell optimiert<\/h2>\n<\/div><\/div><div class=\"w-separator size_small\"><\/div><div class=\"g-cols wpb_row via_grid cols_2 laptops-cols_inherit tablets-cols_inherit mobiles-cols_1 valign_top type_default reversed stacking_default\" style=\"--columns-gap:3rem;\"><div class=\"wpb_column vc_column_container\"><div class=\"vc_column-inner\"><div class=\"wpb_text_column\"><div class=\"wpb_wrapper\"><p>Mit VR-f\u00e4higer Hardware und der Software XR-EASY k\u00f6nnen beispielsweise\u00a0 Entwicklungsabteilungen im Maschinen- und Anlagenbau die Montageprozesse ihrer Kunden bei der Planung besser ber\u00fccksichtigen.<\/p>\n<p>Virtuelle Prototypen stehen fr\u00fch und bis zur Designfreigabe zur Fehlersuche zur Verf\u00fcgung. D.h. bereits in der Konzeptionsphase k\u00f6nnen Entwickler und Kunden mittels der VR-Brille die Anlagen erleben und \u201ewie in echt\u201c hinsichtlich ergonomischer oder wartungstechnischer Eigenschaften\u00a0 \u00fcberpr\u00fcfen.\u00a0<\/p>\n<p>Da der Umgang mit dem VR-Tool h\u00f6chst intuitiv funktioniert, sind keine speziellen Schulungen erforderlich. Somit werden virtuelle Design Reviews spontan vor Ort oder remote m\u00f6glich. Zur Nutzung der VR-Umgebung werden die Konstruktionsdaten aus der 3D-CAD Software geladen. Bei leistungsf\u00e4higer PCVR-L\u00f6sung kann problemlos mit Datenmengen im Gigabyte-Bereich hantiert werden.<\/p>\n<p>Kurzum: Hallenf\u00fcllende Anlagen lassen sich sekundenschnell und realit\u00e4tsnah im Ma\u00dfstab 1:1 erleben.<\/p>\n<\/div><\/div><\/div><\/div><div class=\"wpb_column vc_column_container\"><div class=\"vc_column-inner\"><div class=\"w-image align_center\"><div class=\"w-image-h\"><img decoding=\"async\" width=\"486\" height=\"323\" src=\"https:\/\/xr-easy.com\/wp-content\/uploads\/2022\/08\/design-reviews-with-vr.jpg\" class=\"attachment-large size-large\" alt=\"design reviews with vr\" loading=\"lazy\" srcset=\"https:\/\/xr-easy.com\/wp-content\/uploads\/2022\/08\/design-reviews-with-vr.jpg 486w, https:\/\/xr-easy.com\/wp-content\/uploads\/2022\/08\/design-reviews-with-vr-300x199.jpg 300w\" sizes=\"auto, (max-width: 486px) 100vw, 486px\" \/><\/div><\/div><\/div><\/div><\/div><div class=\"w-separator size_large\"><\/div><div class=\"g-cols wpb_row via_grid cols_2 laptops-cols_inherit tablets-cols_inherit mobiles-cols_1 valign_top type_default stacking_default\" style=\"--columns-gap:3rem;\"><div class=\"wpb_column vc_column_container\"><div class=\"vc_column-inner\"><\/div><\/div><div class=\"wpb_column vc_column_container\"><div class=\"vc_column-inner\"><div class=\"wpb_text_column\"><div class=\"wpb_wrapper\"><h2>Vorteile der Planung mit Hilfe von XR-EASY<\/h2>\n<\/div><\/div><\/div><\/div><\/div><div class=\"w-separator size_small\"><\/div><div class=\"g-cols wpb_row via_grid cols_2 laptops-cols_inherit tablets-cols_inherit mobiles-cols_1 valign_top type_default stacking_default\" style=\"--columns-gap:3rem;\"><div class=\"wpb_column vc_column_container\"><div class=\"vc_column-inner\"><div class=\"w-html\"><center><!--HubSpot Call-to-Action Code --><span class=\"hs-cta-wrapper\" id=\"hs-cta-wrapper-88bf25ff-c41b-4231-875c-7fe05c59141f\"><span class=\"hs-cta-node hs-cta-88bf25ff-c41b-4231-875c-7fe05c59141f\" id=\"hs-cta-88bf25ff-c41b-4231-875c-7fe05c59141f\"><!--[if lte IE 8]><div id=\"hs-cta-ie-element\"><\/div><![endif]--><a href=\"https:\/\/cta-redirect.hubspot.com\/cta\/redirect\/8647763\/88bf25ff-c41b-4231-875c-7fe05c59141f\" target=\"_blank\" rel=\"noopener\"><img loading=\"lazy\" decoding=\"async\" class=\"hs-cta-img\" id=\"hs-cta-img-88bf25ff-c41b-4231-875c-7fe05c59141f\" style=\"border-width:0px;\" height=\"394\" width=\"700\" src=\"https:\/\/no-cache.hubspot.com\/cta\/default\/8647763\/88bf25ff-c41b-4231-875c-7fe05c59141f.png\" alt=\"New call-to-action\"><\/a><\/span><script charset=\"utf-8\" src=\"https:\/\/js.hscta.net\/cta\/current.js\"><\/script><script type=\"text\/javascript\"> hbspt.cta.load(8647763, '88bf25ff-c41b-4231-875c-7fe05c59141f', {}); <\/script><\/span><!-- end HubSpot Call-to-Action Code --><\/center><\/div><\/div><\/div><div class=\"wpb_column vc_column_container\"><div class=\"vc_column-inner\"><div class=\"wpb_text_column\"><div class=\"wpb_wrapper\"><ul>\n<li>Das digitale Modell wird auf Knopfdruck zum virtuellen Prototyp<\/li>\n<li>Jeder kann das VR-Tool jederzeit intuitiv ohne Schulung nutzen<\/li>\n<li>Fr\u00fchzeitige Einbindung von Anwendern und Kunden<\/li>\n<li>Greifraum- und Kollisionsanalysen sind ohne den Bau eines \u201eechten\u201c Prototyps m\u00f6glich<\/li>\n<li>Pr\u00fcfung auf Ergonomie und Montagef\u00e4higkeit sind in der virtuellen Anlage durchf\u00fchrbar<\/li>\n<\/ul>\n<p>Wenn Sie eine Demonstration von XR-EASY w\u00fcnschen oder die Software mit bereits vorhandener VR-Hardware und Ihren eigenen 3D-Daten testen m\u00f6chten, setzen Sie sich bitte mit uns <a href=\"https:\/\/xr-easy.com\/de\/demo-buchen\/\">in Verbindung<\/a>.<\/p>\n<\/div><\/div><\/div><\/div><\/div><\/div><\/div><\/div><\/div><\/section><section class=\"l-section wpb_row us_custom_a518f36e cta-1 us_animate_this height_large color_primary\"><div class=\"l-section-overlay\" style=\"background:linear-gradient(263deg, #0f32b1 0%, #009bcf 100%)\"><\/div><div class=\"l-section-h i-cf\"><div class=\"g-cols vc_row via_grid cols_1 laptops-cols_inherit tablets-cols_inherit mobiles-cols_1 valign_top type_default stacking_default\"><div class=\"wpb_column vc_column_container\"><div class=\"vc_column-inner\"><div class=\"wpb_text_column us_custom_1ac58425\"><div class=\"wpb_wrapper\"><h2 style=\"text-align: center;\">Testen Sie heute XR-EASY mit Ihrem Team<\/h2>\n<\/div><\/div><div class=\"w-separator size_custom\" style=\"height:2.1rem\"><\/div><div class=\"w-btn-wrapper align_center\"><a class=\"w-btn us-btn-style_5\" title=\"Download\" href=\"https:\/\/xr-easy.com\/de\/download\/\"><span class=\"w-btn-label\">Kostenloser Download<\/span><\/a><\/div><div class=\"w-separator size_custom\" style=\"height:2rem\"><\/div><div class=\"w-hwrapper valign_top align_center\"><div class=\"w-iconbox iconpos_left style_default color_custom align_center no_text\"><div class=\"w-iconbox-icon\" style=\"font-size:0.95rem;--icon-color:#05da98;\"><i class=\"fas fa-check\"><\/i><\/div><div class=\"w-iconbox-meta\"><p class=\"w-iconbox-title\" style=\"font-size:1.05rem;\">Funktionen der Software testen<\/p><\/div><\/div><div class=\"w-iconbox iconpos_left style_default color_custom align_center no_text\"><div class=\"w-iconbox-icon\" style=\"font-size:0.95rem;--icon-color:#05da98;\"><i class=\"fas fa-check\"><\/i><\/div><div class=\"w-iconbox-meta\"><p class=\"w-iconbox-title\" style=\"font-size:1.05rem;\">Virtuelles Prototyping &#8211; jederzeit<\/p><\/div><\/div><div class=\"w-iconbox iconpos_left style_default color_custom align_center no_text\"><div class=\"w-iconbox-icon\" style=\"font-size:0.95rem;--icon-color:#05da98;\"><i class=\"fas fa-check\"><\/i><\/div><div class=\"w-iconbox-meta\"><p class=\"w-iconbox-title\" style=\"font-size:1.05rem;\">Virtuell oder am Bildschirm treffen<\/p><\/div><\/div><\/div><\/div><\/div><\/div><\/div><\/section>\n\n","protected":false},"excerpt":{"rendered":"Virtuelle Montageplanung XR-EASY er\u00f6ffnet neue Wege in der Montageplanung: Mit XR-EASY kann jeder jederzeit und \u00fcberall mit blo\u00dfen H\u00e4nden intuitiv an virtuellen Prototypen arbeiten. So k\u00f6nnen Montageprozesse simuliert, Greif- und Montageschritte optimiert und insgesamt Verschwendung reduziert werden. Das spart viel Zeit, Geld und erh\u00f6ht die Arbeitssicherheit. MontageplanungDesign ReviewShowroomStudio Arbeitsschritte werden virtuell simuliert und das 3D-Modell...","protected":false},"author":1,"featured_media":0,"parent":1214,"menu_order":0,"comment_status":"closed","ping_status":"closed","template":"","meta":{"_acf_changed":false,"footnotes":""},"class_list":["post-1216","page","type-page","status-publish","hentry"],"acf":[],"yoast_head":"<!-- This site is optimized with the Yoast SEO plugin v27.1.1 - https:\/\/yoast.com\/product\/yoast-seo-wordpress\/ -->\n<title>Montageplanung - XR-EASY<\/title>\n<meta name=\"description\" content=\"Montageschritte in der Prozessplanung wie in echt erlebbar: Bei diesem VR-Tool wird mit den blo\u00dfen H\u00e4nden gearbeitet &gt; \u00dcberzeuge Dich selbst\" \/>\n<meta name=\"robots\" content=\"index, follow, max-snippet:-1, max-image-preview:large, max-video-preview:-1\" \/>\n<link rel=\"canonical\" href=\"https:\/\/xr-easy.com\/de\/anwendungen\/montageplanung\/\" \/>\n<meta property=\"og:locale\" content=\"de_DE\" \/>\n<meta property=\"og:type\" content=\"article\" \/>\n<meta property=\"og:title\" content=\"Montageplanung - XR-EASY\" \/>\n<meta property=\"og:description\" content=\"Montageschritte in der Prozessplanung wie in echt erlebbar: Bei diesem VR-Tool wird mit den blo\u00dfen H\u00e4nden gearbeitet &gt; \u00dcberzeuge Dich selbst\" \/>\n<meta property=\"og:url\" content=\"https:\/\/xr-easy.com\/de\/anwendungen\/montageplanung\/\" \/>\n<meta property=\"og:site_name\" content=\"XR-EASY\" \/>\n<meta property=\"article:publisher\" content=\"https:\/\/www.facebook.com\/r3dtmeetyourreality\/\" \/>\n<meta property=\"article:modified_time\" content=\"2025-11-12T16:10:25+00:00\" \/>\n<meta name=\"twitter:card\" content=\"summary_large_image\" \/>\n<meta name=\"twitter:site\" content=\"@achimschneider3\" \/>\n<meta name=\"twitter:label1\" content=\"Gesch\u00e4tzte Lesezeit\" \/>\n\t<meta name=\"twitter:data1\" content=\"2\u00a0Minuten\" \/>\n<script type=\"application\/ld+json\" class=\"yoast-schema-graph\">{\"@context\":\"https:\/\/schema.org\",\"@graph\":[{\"@type\":\"WebPage\",\"@id\":\"https:\/\/xr-easy.com\/de\/anwendungen\/montageplanung\/\",\"url\":\"https:\/\/xr-easy.com\/de\/anwendungen\/montageplanung\/\",\"name\":\"Montageplanung - XR-EASY\",\"isPartOf\":{\"@id\":\"https:\/\/xr-easy.com\/#website\"},\"datePublished\":\"2022-08-09T14:38:32+00:00\",\"dateModified\":\"2025-11-12T16:10:25+00:00\",\"description\":\"Montageschritte in der Prozessplanung wie in echt erlebbar: Bei diesem VR-Tool wird mit den blo\u00dfen H\u00e4nden gearbeitet > \u00dcberzeuge Dich selbst\",\"breadcrumb\":{\"@id\":\"https:\/\/xr-easy.com\/de\/anwendungen\/montageplanung\/#breadcrumb\"},\"inLanguage\":\"de\",\"potentialAction\":[{\"@type\":\"ReadAction\",\"target\":[\"https:\/\/xr-easy.com\/de\/anwendungen\/montageplanung\/\"]}]},{\"@type\":\"BreadcrumbList\",\"@id\":\"https:\/\/xr-easy.com\/de\/anwendungen\/montageplanung\/#breadcrumb\",\"itemListElement\":[{\"@type\":\"ListItem\",\"position\":1,\"name\":\"Home\",\"item\":\"https:\/\/xr-easy.com\/de\/\"},{\"@type\":\"ListItem\",\"position\":2,\"name\":\"Anwendungen\",\"item\":\"https:\/\/xr-easy.com\/de\/anwendungen\/\"},{\"@type\":\"ListItem\",\"position\":3,\"name\":\"Montageplanung\"}]},{\"@type\":\"WebSite\",\"@id\":\"https:\/\/xr-easy.com\/#website\",\"url\":\"https:\/\/xr-easy.com\/\",\"name\":\"XR-EASY\",\"description\":\"Experience your CAD Models in VR\",\"publisher\":{\"@id\":\"https:\/\/xr-easy.com\/#organization\"},\"potentialAction\":[{\"@type\":\"SearchAction\",\"target\":{\"@type\":\"EntryPoint\",\"urlTemplate\":\"https:\/\/xr-easy.com\/?s={search_term_string}\"},\"query-input\":{\"@type\":\"PropertyValueSpecification\",\"valueRequired\":true,\"valueName\":\"search_term_string\"}}],\"inLanguage\":\"de\"},{\"@type\":\"Organization\",\"@id\":\"https:\/\/xr-easy.com\/#organization\",\"name\":\"R3DT GmbH\",\"url\":\"https:\/\/xr-easy.com\/\",\"logo\":{\"@type\":\"ImageObject\",\"inLanguage\":\"de\",\"@id\":\"https:\/\/xr-easy.com\/#\/schema\/logo\/image\/\",\"url\":\"https:\/\/xr-easy.com\/wp-content\/uploads\/2022\/07\/r3dt-logo-500px-png.png\",\"contentUrl\":\"https:\/\/xr-easy.com\/wp-content\/uploads\/2022\/07\/r3dt-logo-500px-png.png\",\"width\":500,\"height\":239,\"caption\":\"R3DT GmbH\"},\"image\":{\"@id\":\"https:\/\/xr-easy.com\/#\/schema\/logo\/image\/\"},\"sameAs\":[\"https:\/\/www.facebook.com\/r3dtmeetyourreality\/\",\"https:\/\/x.com\/achimschneider3\",\"https:\/\/www.youtube.com\/channel\/UCKt33qZtUOn4X08y6lVS4fg\",\"https:\/\/www.linkedin.com\/company\/r3dt\/\",\"https:\/\/www.xing.com\/companies\/r3dtgmbh-meetyourreality\"]}]}<\/script>\n<!-- \/ Yoast SEO plugin. -->","yoast_head_json":{"title":"Montageplanung - XR-EASY","description":"Montageschritte in der Prozessplanung wie in echt erlebbar: Bei diesem VR-Tool wird mit den blo\u00dfen H\u00e4nden gearbeitet > \u00dcberzeuge Dich selbst","robots":{"index":"index","follow":"follow","max-snippet":"max-snippet:-1","max-image-preview":"max-image-preview:large","max-video-preview":"max-video-preview:-1"},"canonical":"https:\/\/xr-easy.com\/de\/anwendungen\/montageplanung\/","og_locale":"de_DE","og_type":"article","og_title":"Montageplanung - XR-EASY","og_description":"Montageschritte in der Prozessplanung wie in echt erlebbar: Bei diesem VR-Tool wird mit den blo\u00dfen H\u00e4nden gearbeitet > \u00dcberzeuge Dich selbst","og_url":"https:\/\/xr-easy.com\/de\/anwendungen\/montageplanung\/","og_site_name":"XR-EASY","article_publisher":"https:\/\/www.facebook.com\/r3dtmeetyourreality\/","article_modified_time":"2025-11-12T16:10:25+00:00","twitter_card":"summary_large_image","twitter_site":"@achimschneider3","twitter_misc":{"Gesch\u00e4tzte Lesezeit":"2\u00a0Minuten"},"schema":{"@context":"https:\/\/schema.org","@graph":[{"@type":"WebPage","@id":"https:\/\/xr-easy.com\/de\/anwendungen\/montageplanung\/","url":"https:\/\/xr-easy.com\/de\/anwendungen\/montageplanung\/","name":"Montageplanung - XR-EASY","isPartOf":{"@id":"https:\/\/xr-easy.com\/#website"},"datePublished":"2022-08-09T14:38:32+00:00","dateModified":"2025-11-12T16:10:25+00:00","description":"Montageschritte in der Prozessplanung wie in echt erlebbar: Bei diesem VR-Tool wird mit den blo\u00dfen H\u00e4nden gearbeitet > \u00dcberzeuge Dich selbst","breadcrumb":{"@id":"https:\/\/xr-easy.com\/de\/anwendungen\/montageplanung\/#breadcrumb"},"inLanguage":"de","potentialAction":[{"@type":"ReadAction","target":["https:\/\/xr-easy.com\/de\/anwendungen\/montageplanung\/"]}]},{"@type":"BreadcrumbList","@id":"https:\/\/xr-easy.com\/de\/anwendungen\/montageplanung\/#breadcrumb","itemListElement":[{"@type":"ListItem","position":1,"name":"Home","item":"https:\/\/xr-easy.com\/de\/"},{"@type":"ListItem","position":2,"name":"Anwendungen","item":"https:\/\/xr-easy.com\/de\/anwendungen\/"},{"@type":"ListItem","position":3,"name":"Montageplanung"}]},{"@type":"WebSite","@id":"https:\/\/xr-easy.com\/#website","url":"https:\/\/xr-easy.com\/","name":"XR-EASY","description":"Experience your CAD Models in VR","publisher":{"@id":"https:\/\/xr-easy.com\/#organization"},"potentialAction":[{"@type":"SearchAction","target":{"@type":"EntryPoint","urlTemplate":"https:\/\/xr-easy.com\/?s={search_term_string}"},"query-input":{"@type":"PropertyValueSpecification","valueRequired":true,"valueName":"search_term_string"}}],"inLanguage":"de"},{"@type":"Organization","@id":"https:\/\/xr-easy.com\/#organization","name":"R3DT GmbH","url":"https:\/\/xr-easy.com\/","logo":{"@type":"ImageObject","inLanguage":"de","@id":"https:\/\/xr-easy.com\/#\/schema\/logo\/image\/","url":"https:\/\/xr-easy.com\/wp-content\/uploads\/2022\/07\/r3dt-logo-500px-png.png","contentUrl":"https:\/\/xr-easy.com\/wp-content\/uploads\/2022\/07\/r3dt-logo-500px-png.png","width":500,"height":239,"caption":"R3DT GmbH"},"image":{"@id":"https:\/\/xr-easy.com\/#\/schema\/logo\/image\/"},"sameAs":["https:\/\/www.facebook.com\/r3dtmeetyourreality\/","https:\/\/x.com\/achimschneider3","https:\/\/www.youtube.com\/channel\/UCKt33qZtUOn4X08y6lVS4fg","https:\/\/www.linkedin.com\/company\/r3dt\/","https:\/\/www.xing.com\/companies\/r3dtgmbh-meetyourreality"]}]}},"_links":{"self":[{"href":"https:\/\/xr-easy.com\/de\/wp-json\/wp\/v2\/pages\/1216","targetHints":{"allow":["GET"]}}],"collection":[{"href":"https:\/\/xr-easy.com\/de\/wp-json\/wp\/v2\/pages"}],"about":[{"href":"https:\/\/xr-easy.com\/de\/wp-json\/wp\/v2\/types\/page"}],"author":[{"embeddable":true,"href":"https:\/\/xr-easy.com\/de\/wp-json\/wp\/v2\/users\/1"}],"replies":[{"embeddable":true,"href":"https:\/\/xr-easy.com\/de\/wp-json\/wp\/v2\/comments?post=1216"}],"version-history":[{"count":10,"href":"https:\/\/xr-easy.com\/de\/wp-json\/wp\/v2\/pages\/1216\/revisions"}],"predecessor-version":[{"id":11452,"href":"https:\/\/xr-easy.com\/de\/wp-json\/wp\/v2\/pages\/1216\/revisions\/11452"}],"up":[{"embeddable":true,"href":"https:\/\/xr-easy.com\/de\/wp-json\/wp\/v2\/pages\/1214"}],"wp:attachment":[{"href":"https:\/\/xr-easy.com\/de\/wp-json\/wp\/v2\/media?parent=1216"}],"curies":[{"name":"wp","href":"https:\/\/api.w.org\/{rel}","templated":true}]}}