{"id":1224,"date":"2022-08-09T17:17:59","date_gmt":"2022-08-09T15:17:59","guid":{"rendered":"https:\/\/xr-easy.com\/legal-notice\/"},"modified":"2025-04-15T17:48:52","modified_gmt":"2025-04-15T15:48:52","slug":"impressum","status":"publish","type":"page","link":"https:\/\/xr-easy.com\/de\/impressum\/","title":{"rendered":"Impressum"},"content":{"rendered":"<section class=\"l-section wpb_row height_large\"><div class=\"l-section-h i-cf\"><div class=\"g-cols vc_row via_grid cols_1 laptops-cols_inherit tablets-cols_inherit mobiles-cols_1 valign_top type_default stacking_default\"><div class=\"wpb_column vc_column_container us_custom_d7751d7b\"><div class=\"vc_column-inner\"><div class=\"wpb_text_column\"><div class=\"wpb_wrapper\"><h1>Impressum<\/h1>\n<p><strong>Angaben gem\u00e4\u00df \u00a7 5 DDG (Digitale-Dienste-Gesetz) und \u00a7 18 Abs. 2 MStV (Medienstaatsvertrag)<br \/><\/strong><\/p>\n<p><strong>Diensteanbieterin:<br \/><\/strong>R3DT GmbH (Gesellschaft mit beschr\u00e4nkter Haftung)<br \/>Parkstr. 7<br \/>76131 Karlsruhe \/ Germany<br \/>E-Post: i n f o @ r 3 d t . c o m<br \/>Telefon: 0 7 2 1 &#8211; 9 6 4 9 5 1 7 4<em><br \/><\/em><\/p>\n<p><strong>Registergericht <br \/>(Firmensitz, Land)<\/strong><br \/>Mannheim, HRB 731499<br \/>(Karlsruhe, Deutschland)<\/p>\n<p><strong>Vertretungsberechtigter<\/strong><br \/>Achim Ralf Schneider<br \/>Anschrift: siehe oben<\/p>\n<p><strong>Umsatzsteuer-Identifikationsnummer<\/strong><br \/>DE296252349<\/p>\n<div class=\"neo-footer__item neo-footer__item--shipping\">\n<div class=\"h4 neo-margin--bottom-10\" data-testid=\"footer_shipping_information\"><strong>Unser Angebot auf dieser Website gilt ausschlie\u00dflich f\u00fcr gewerbliche Endkunden und \u00d6ffentliche Auftraggeber.<\/strong><\/div>\n<div class=\"neo-shipping__text neo-richText\">\n<p>Preise in EUR zuz\u00fcglich der gesetzlichen MwSt (wenn nicht anders angegeben). \u00c4nderungen und Irrt\u00fcmer vorbehalten.<\/p>\n<p><strong>Logos &amp; Markenzeichen<br \/><\/strong>sind Eigentum ihrer jeweiligen Inhaber.<\/p>\n<p><strong>Bildnachweise (nach Seiten)<\/strong><br \/>\u201cAnwendungen\u201d: Header-Bild: Fotolia<br \/>\u201cArbeitsplatz \/ Ergonomie\u201d: Header-Bild: Schnaithmann Maschinenbau GmbH<br \/>\u201cBlog\u201d: \u201cDas Virtual Reality-Tool von R3DT ist ein \u201eLeuchtturmprojekt f\u00fcr die Produktion der Zukunft\u201c: Martin Storz<br \/>\u201cBlog\u201d: \u201cMit dem Virtual Reality-Tool von R3DT plant die Schnaithmann GmbH ganze Anlagen!\u201d: L-Bank\/Wagenhan<br \/>\u201cKarriere\u201d: Header-Bild: Vrgineers, Inc.<br \/>\u201c\u00dcber uns\u201d: Header-Bild: VDMA; Portr\u00e4ts: Christian Kuckert<br \/>\u201cNewsletter\u201d: Header-Bild: Shutterstock<\/p>\n<\/div>\n<\/div>\n<\/div><\/div><\/div><\/div><\/div><\/div><\/section>\n","protected":false},"excerpt":{"rendered":"Impressum Angaben gem\u00e4\u00df \u00a7 5 DDG (Digitale-Dienste-Gesetz) und \u00a7 18 Abs. 2 MStV (Medienstaatsvertrag) Diensteanbieterin:R3DT GmbH (Gesellschaft mit beschr\u00e4nkter Haftung)Parkstr. 776131 Karlsruhe \/ GermanyE-Post: i n f o @ r 3 d t . c o mTelefon: 0 7 2 1 &#8211; 9 6 4 9 5 1 7 4 Registergericht (Firmensitz, Land)Mannheim, HRB 731499(Karlsruhe,...","protected":false},"author":1,"featured_media":0,"parent":0,"menu_order":0,"comment_status":"closed","ping_status":"closed","template":"","meta":{"_acf_changed":false,"footnotes":""},"class_list":["post-1224","page","type-page","status-publish","hentry"],"acf":[],"yoast_head":"<!-- This site is optimized with the Yoast SEO plugin v27.1.1 - https:\/\/yoast.com\/product\/yoast-seo-wordpress\/ -->\n<title>Impressum - XR-EASY<\/title>\n<meta name=\"robots\" content=\"index, follow, max-snippet:-1, max-image-preview:large, max-video-preview:-1\" \/>\n<link rel=\"canonical\" href=\"https:\/\/xr-easy.com\/de\/impressum\/\" \/>\n<meta property=\"og:locale\" content=\"de_DE\" \/>\n<meta property=\"og:type\" content=\"article\" \/>\n<meta property=\"og:title\" content=\"Impressum - XR-EASY\" \/>\n<meta property=\"og:url\" content=\"https:\/\/xr-easy.com\/de\/impressum\/\" \/>\n<meta property=\"og:site_name\" content=\"XR-EASY\" \/>\n<meta property=\"article:publisher\" content=\"https:\/\/www.facebook.com\/r3dtmeetyourreality\/\" \/>\n<meta property=\"article:modified_time\" content=\"2025-04-15T15:48:52+00:00\" \/>\n<meta name=\"twitter:card\" content=\"summary_large_image\" \/>\n<meta name=\"twitter:site\" content=\"@achimschneider3\" \/>\n<meta name=\"twitter:label1\" content=\"Gesch\u00e4tzte Lesezeit\" \/>\n\t<meta name=\"twitter:data1\" content=\"1\u00a0Minute\" \/>\n<script type=\"application\/ld+json\" class=\"yoast-schema-graph\">{\"@context\":\"https:\/\/schema.org\",\"@graph\":[{\"@type\":\"WebPage\",\"@id\":\"https:\/\/xr-easy.com\/de\/impressum\/\",\"url\":\"https:\/\/xr-easy.com\/de\/impressum\/\",\"name\":\"Impressum - XR-EASY\",\"isPartOf\":{\"@id\":\"https:\/\/xr-easy.com\/#website\"},\"datePublished\":\"2022-08-09T15:17:59+00:00\",\"dateModified\":\"2025-04-15T15:48:52+00:00\",\"breadcrumb\":{\"@id\":\"https:\/\/xr-easy.com\/de\/impressum\/#breadcrumb\"},\"inLanguage\":\"de\",\"potentialAction\":[{\"@type\":\"ReadAction\",\"target\":[\"https:\/\/xr-easy.com\/de\/impressum\/\"]}]},{\"@type\":\"BreadcrumbList\",\"@id\":\"https:\/\/xr-easy.com\/de\/impressum\/#breadcrumb\",\"itemListElement\":[{\"@type\":\"ListItem\",\"position\":1,\"name\":\"Home\",\"item\":\"https:\/\/xr-easy.com\/de\/\"},{\"@type\":\"ListItem\",\"position\":2,\"name\":\"Impressum\"}]},{\"@type\":\"WebSite\",\"@id\":\"https:\/\/xr-easy.com\/#website\",\"url\":\"https:\/\/xr-easy.com\/\",\"name\":\"XR-EASY\",\"description\":\"Experience your CAD Models in VR\",\"publisher\":{\"@id\":\"https:\/\/xr-easy.com\/#organization\"},\"potentialAction\":[{\"@type\":\"SearchAction\",\"target\":{\"@type\":\"EntryPoint\",\"urlTemplate\":\"https:\/\/xr-easy.com\/?s={search_term_string}\"},\"query-input\":{\"@type\":\"PropertyValueSpecification\",\"valueRequired\":true,\"valueName\":\"search_term_string\"}}],\"inLanguage\":\"de\"},{\"@type\":\"Organization\",\"@id\":\"https:\/\/xr-easy.com\/#organization\",\"name\":\"R3DT GmbH\",\"url\":\"https:\/\/xr-easy.com\/\",\"logo\":{\"@type\":\"ImageObject\",\"inLanguage\":\"de\",\"@id\":\"https:\/\/xr-easy.com\/#\/schema\/logo\/image\/\",\"url\":\"https:\/\/xr-easy.com\/wp-content\/uploads\/2022\/07\/r3dt-logo-500px-png.png\",\"contentUrl\":\"https:\/\/xr-easy.com\/wp-content\/uploads\/2022\/07\/r3dt-logo-500px-png.png\",\"width\":500,\"height\":239,\"caption\":\"R3DT GmbH\"},\"image\":{\"@id\":\"https:\/\/xr-easy.com\/#\/schema\/logo\/image\/\"},\"sameAs\":[\"https:\/\/www.facebook.com\/r3dtmeetyourreality\/\",\"https:\/\/x.com\/achimschneider3\",\"https:\/\/www.youtube.com\/channel\/UCKt33qZtUOn4X08y6lVS4fg\",\"https:\/\/www.linkedin.com\/company\/r3dt\/\",\"https:\/\/www.xing.com\/companies\/r3dtgmbh-meetyourreality\"]}]}<\/script>\n<!-- \/ Yoast SEO plugin. -->","yoast_head_json":{"title":"Impressum - XR-EASY","robots":{"index":"index","follow":"follow","max-snippet":"max-snippet:-1","max-image-preview":"max-image-preview:large","max-video-preview":"max-video-preview:-1"},"canonical":"https:\/\/xr-easy.com\/de\/impressum\/","og_locale":"de_DE","og_type":"article","og_title":"Impressum - XR-EASY","og_url":"https:\/\/xr-easy.com\/de\/impressum\/","og_site_name":"XR-EASY","article_publisher":"https:\/\/www.facebook.com\/r3dtmeetyourreality\/","article_modified_time":"2025-04-15T15:48:52+00:00","twitter_card":"summary_large_image","twitter_site":"@achimschneider3","twitter_misc":{"Gesch\u00e4tzte Lesezeit":"1\u00a0Minute"},"schema":{"@context":"https:\/\/schema.org","@graph":[{"@type":"WebPage","@id":"https:\/\/xr-easy.com\/de\/impressum\/","url":"https:\/\/xr-easy.com\/de\/impressum\/","name":"Impressum - XR-EASY","isPartOf":{"@id":"https:\/\/xr-easy.com\/#website"},"datePublished":"2022-08-09T15:17:59+00:00","dateModified":"2025-04-15T15:48:52+00:00","breadcrumb":{"@id":"https:\/\/xr-easy.com\/de\/impressum\/#breadcrumb"},"inLanguage":"de","potentialAction":[{"@type":"ReadAction","target":["https:\/\/xr-easy.com\/de\/impressum\/"]}]},{"@type":"BreadcrumbList","@id":"https:\/\/xr-easy.com\/de\/impressum\/#breadcrumb","itemListElement":[{"@type":"ListItem","position":1,"name":"Home","item":"https:\/\/xr-easy.com\/de\/"},{"@type":"ListItem","position":2,"name":"Impressum"}]},{"@type":"WebSite","@id":"https:\/\/xr-easy.com\/#website","url":"https:\/\/xr-easy.com\/","name":"XR-EASY","description":"Experience your CAD Models in VR","publisher":{"@id":"https:\/\/xr-easy.com\/#organization"},"potentialAction":[{"@type":"SearchAction","target":{"@type":"EntryPoint","urlTemplate":"https:\/\/xr-easy.com\/?s={search_term_string}"},"query-input":{"@type":"PropertyValueSpecification","valueRequired":true,"valueName":"search_term_string"}}],"inLanguage":"de"},{"@type":"Organization","@id":"https:\/\/xr-easy.com\/#organization","name":"R3DT GmbH","url":"https:\/\/xr-easy.com\/","logo":{"@type":"ImageObject","inLanguage":"de","@id":"https:\/\/xr-easy.com\/#\/schema\/logo\/image\/","url":"https:\/\/xr-easy.com\/wp-content\/uploads\/2022\/07\/r3dt-logo-500px-png.png","contentUrl":"https:\/\/xr-easy.com\/wp-content\/uploads\/2022\/07\/r3dt-logo-500px-png.png","width":500,"height":239,"caption":"R3DT GmbH"},"image":{"@id":"https:\/\/xr-easy.com\/#\/schema\/logo\/image\/"},"sameAs":["https:\/\/www.facebook.com\/r3dtmeetyourreality\/","https:\/\/x.com\/achimschneider3","https:\/\/www.youtube.com\/channel\/UCKt33qZtUOn4X08y6lVS4fg","https:\/\/www.linkedin.com\/company\/r3dt\/","https:\/\/www.xing.com\/companies\/r3dtgmbh-meetyourreality"]}]}},"_links":{"self":[{"href":"https:\/\/xr-easy.com\/de\/wp-json\/wp\/v2\/pages\/1224","targetHints":{"allow":["GET"]}}],"collection":[{"href":"https:\/\/xr-easy.com\/de\/wp-json\/wp\/v2\/pages"}],"about":[{"href":"https:\/\/xr-easy.com\/de\/wp-json\/wp\/v2\/types\/page"}],"author":[{"embeddable":true,"href":"https:\/\/xr-easy.com\/de\/wp-json\/wp\/v2\/users\/1"}],"replies":[{"embeddable":true,"href":"https:\/\/xr-easy.com\/de\/wp-json\/wp\/v2\/comments?post=1224"}],"version-history":[{"count":10,"href":"https:\/\/xr-easy.com\/de\/wp-json\/wp\/v2\/pages\/1224\/revisions"}],"predecessor-version":[{"id":11172,"href":"https:\/\/xr-easy.com\/de\/wp-json\/wp\/v2\/pages\/1224\/revisions\/11172"}],"wp:attachment":[{"href":"https:\/\/xr-easy.com\/de\/wp-json\/wp\/v2\/media?parent=1224"}],"curies":[{"name":"wp","href":"https:\/\/api.w.org\/{rel}","templated":true}]}}