{"id":1395,"date":"2022-08-09T22:08:36","date_gmt":"2022-08-09T20:08:36","guid":{"rendered":"https:\/\/xr-easy.com\/request-a-demo\/"},"modified":"2025-04-15T17:27:16","modified_gmt":"2025-04-15T15:27:16","slug":"demo-buchen","status":"publish","type":"page","link":"https:\/\/xr-easy.com\/de\/demo-buchen\/","title":{"rendered":"Demo buchen"},"content":{"rendered":"<section class=\"l-section wpb_row first-row no-header height_large color_alternate\"><div class=\"l-section-h i-cf\"><div class=\"g-cols vc_row via_grid cols_1 laptops-cols_inherit tablets-cols_inherit mobiles-cols_1 valign_top type_default stacking_default\"><div class=\"wpb_column vc_column_container us_custom_fd5ac355\"><div class=\"vc_column-inner\"><div class=\"wpb_text_column\"><div class=\"wpb_wrapper\"><h1 style=\"text-align: center;\">Online-Demo buchen<\/h1>\n<\/div><\/div><div class=\"w-separator size_custom\" style=\"height:2rem\"><\/div><div class=\"wpb_text_column\"><div class=\"wpb_wrapper\"><p style=\"text-align: center;\">Lassen Sie uns gleich bei einer Web-Demo treffen! Unser Vertriebsteam erreichen Sie \u00fcber nachstehendes <a class=\"smooth-scroll\" href=\"#web-form\">Webformular<\/a>.<\/p>\n<p style=\"text-align: center;\">Wenn alles passt, unterst\u00fctzen wir Sie gerne bei einem Test mit Ihren eigenen 3D-Modellen.<\/p>\n<p style=\"text-align: center;\">Wenn Sie bereits VR-Headsets von Anbietern wie HP, HTC, Lenovo, Lynx, Meta (Quest\/Oculus), Pico, Pimax, Valve, Varjo, Vive (HTC\/Valve) or XTAL besitzen, k\u00f6nnen wir Ihnen eine unverbindliche Testlizenz zusenden. Besuchen Sie unsere detaillierte <a href=\"https:\/\/hilfe.r3dt.com\/\">Hilfeseite<\/a> f\u00fcr Informationen zu unterst\u00fctzten Headsets.<\/p>\n<p style=\"text-align: center;\">Bei Bedarf k\u00f6nnen VR-Headsets und VR-f\u00e4hige PCs weltweit gemietet oder gekauft werden. Wir unterst\u00fctzen Sie gerne bei der Auswahl! \ud83d\ude0e<\/p>\n<\/div><\/div><\/div><\/div><\/div><\/div><\/section><section class=\"l-section wpb_row height_large\" id=\"web-form\"><div class=\"l-section-h i-cf\"><div class=\"g-cols vc_row via_grid cols_1 laptops-cols_inherit tablets-cols_inherit mobiles-cols_1 valign_top type_default stacking_default\"><div class=\"wpb_column vc_column_container\"><div class=\"vc_column-inner\"><div class=\"wpb_text_column\"><div class=\"wpb_wrapper\"><h2 style=\"text-align: center;\">Wann passt es Ihnen?<\/h2>\n<\/div><\/div><div class=\"w-separator size_custom\" style=\"height:2.5rem\"><\/div><div class=\"w-html us_custom_c8f41e59\"><script charset=\"utf-8\" type=\"text\/javascript\" src=\"\/\/js-eu1.hsforms.net\/forms\/embed\/v2.js\"><\/script>\n<script>\n  hbspt.forms.create({\n    portalId: \"8647763\",\n    formId: \"18f6e544-7197-4e4f-8404-d290b0dcbaff\"\n  });\n<\/script><\/div><\/div><\/div><\/div><\/div><\/section><section class=\"l-section wpb_row us_custom_a518f36e cta-1 us_animate_this height_large color_primary\"><div class=\"l-section-overlay\" style=\"background:linear-gradient(263deg, #0f32b1 0%, #009bcf 100%)\"><\/div><div class=\"l-section-h i-cf\"><div class=\"g-cols vc_row via_grid cols_1 laptops-cols_inherit tablets-cols_inherit mobiles-cols_1 valign_top type_default stacking_default\"><div class=\"wpb_column vc_column_container\"><div class=\"vc_column-inner\"><div class=\"wpb_text_column us_custom_1ac58425\"><div class=\"wpb_wrapper\"><h2 style=\"text-align: center;\">Testen Sie heute XR-EASY mit Ihrem Team<\/h2>\n<\/div><\/div><div class=\"w-separator size_custom\" style=\"height:2.1rem\"><\/div><div class=\"w-btn-wrapper align_center\"><a class=\"w-btn us-btn-style_5\" title=\"Download\" href=\"https:\/\/xr-easy.com\/de\/download\/\"><span class=\"w-btn-label\">Kostenloser Download<\/span><\/a><\/div><div class=\"w-separator size_custom\" style=\"height:2rem\"><\/div><div class=\"w-hwrapper valign_top align_center\"><div class=\"w-iconbox iconpos_left style_default color_custom align_center no_text\"><div class=\"w-iconbox-icon\" style=\"font-size:0.95rem;--icon-color:#05da98;\"><i class=\"fas fa-check\"><\/i><\/div><div class=\"w-iconbox-meta\"><p class=\"w-iconbox-title\" style=\"font-size:1.05rem;\">Funktionen der Software testen<\/p><\/div><\/div><div class=\"w-iconbox iconpos_left style_default color_custom align_center no_text\"><div class=\"w-iconbox-icon\" style=\"font-size:0.95rem;--icon-color:#05da98;\"><i class=\"fas fa-check\"><\/i><\/div><div class=\"w-iconbox-meta\"><p class=\"w-iconbox-title\" style=\"font-size:1.05rem;\">Virtuelles Prototyping &#8211; jederzeit<\/p><\/div><\/div><div class=\"w-iconbox iconpos_left style_default color_custom align_center no_text\"><div class=\"w-iconbox-icon\" style=\"font-size:0.95rem;--icon-color:#05da98;\"><i class=\"fas fa-check\"><\/i><\/div><div class=\"w-iconbox-meta\"><p class=\"w-iconbox-title\" style=\"font-size:1.05rem;\">Virtuell oder am Bildschirm treffen<\/p><\/div><\/div><\/div><\/div><\/div><\/div><\/div><\/section>\n\n","protected":false},"excerpt":{"rendered":"Online-Demo buchen Lassen Sie uns gleich bei einer Web-Demo treffen! Unser Vertriebsteam erreichen Sie \u00fcber nachstehendes Webformular. Wenn alles passt, unterst\u00fctzen wir Sie gerne bei einem Test mit Ihren eigenen 3D-Modellen. Wenn Sie bereits VR-Headsets von Anbietern wie HP, HTC, Lenovo, Lynx, Meta (Quest\/Oculus), Pico, Pimax, Valve, Varjo, Vive (HTC\/Valve) or XTAL besitzen, k\u00f6nnen wir...","protected":false},"author":1,"featured_media":0,"parent":0,"menu_order":0,"comment_status":"closed","ping_status":"closed","template":"","meta":{"_acf_changed":false,"footnotes":""},"class_list":["post-1395","page","type-page","status-publish","hentry"],"acf":[],"yoast_head":"<!-- This site is optimized with the Yoast SEO plugin v27.1.1 - https:\/\/yoast.com\/product\/yoast-seo-wordpress\/ -->\n<title>Demo buchen - XR-EASY<\/title>\n<meta name=\"description\" content=\"Lassen Sie uns Ihnen die VR-Software XR-EASY kostenlos pr\u00e4sentieren! Unser Vertriebsteam erreichen Sie \u00fcber das Webformular auf dieser Seite!\" \/>\n<meta name=\"robots\" content=\"index, follow, max-snippet:-1, max-image-preview:large, max-video-preview:-1\" \/>\n<link rel=\"canonical\" href=\"https:\/\/xr-easy.com\/de\/demo-buchen\/\" \/>\n<meta property=\"og:locale\" content=\"de_DE\" \/>\n<meta property=\"og:type\" content=\"article\" \/>\n<meta property=\"og:title\" content=\"Demo buchen - XR-EASY\" \/>\n<meta property=\"og:description\" content=\"Lassen Sie uns Ihnen die VR-Software XR-EASY kostenlos pr\u00e4sentieren! Unser Vertriebsteam erreichen Sie \u00fcber das Webformular auf dieser Seite!\" \/>\n<meta property=\"og:url\" content=\"https:\/\/xr-easy.com\/de\/demo-buchen\/\" \/>\n<meta property=\"og:site_name\" content=\"XR-EASY\" \/>\n<meta property=\"article:publisher\" content=\"https:\/\/www.facebook.com\/r3dtmeetyourreality\/\" \/>\n<meta property=\"article:modified_time\" content=\"2025-04-15T15:27:16+00:00\" \/>\n<meta name=\"twitter:card\" content=\"summary_large_image\" \/>\n<meta name=\"twitter:site\" content=\"@achimschneider3\" \/>\n<meta name=\"twitter:label1\" content=\"Gesch\u00e4tzte Lesezeit\" \/>\n\t<meta name=\"twitter:data1\" content=\"1\u00a0Minute\" \/>\n<script type=\"application\/ld+json\" class=\"yoast-schema-graph\">{\"@context\":\"https:\/\/schema.org\",\"@graph\":[{\"@type\":\"WebPage\",\"@id\":\"https:\/\/xr-easy.com\/de\/demo-buchen\/\",\"url\":\"https:\/\/xr-easy.com\/de\/demo-buchen\/\",\"name\":\"Demo buchen - XR-EASY\",\"isPartOf\":{\"@id\":\"https:\/\/xr-easy.com\/#website\"},\"datePublished\":\"2022-08-09T20:08:36+00:00\",\"dateModified\":\"2025-04-15T15:27:16+00:00\",\"description\":\"Lassen Sie uns Ihnen die VR-Software XR-EASY kostenlos pr\u00e4sentieren! Unser Vertriebsteam erreichen Sie \u00fcber das Webformular auf dieser Seite!\",\"breadcrumb\":{\"@id\":\"https:\/\/xr-easy.com\/de\/demo-buchen\/#breadcrumb\"},\"inLanguage\":\"de\",\"potentialAction\":[{\"@type\":\"ReadAction\",\"target\":[\"https:\/\/xr-easy.com\/de\/demo-buchen\/\"]}]},{\"@type\":\"BreadcrumbList\",\"@id\":\"https:\/\/xr-easy.com\/de\/demo-buchen\/#breadcrumb\",\"itemListElement\":[{\"@type\":\"ListItem\",\"position\":1,\"name\":\"Home\",\"item\":\"https:\/\/xr-easy.com\/de\/\"},{\"@type\":\"ListItem\",\"position\":2,\"name\":\"Demo buchen\"}]},{\"@type\":\"WebSite\",\"@id\":\"https:\/\/xr-easy.com\/#website\",\"url\":\"https:\/\/xr-easy.com\/\",\"name\":\"XR-EASY\",\"description\":\"Experience your CAD Models in VR\",\"publisher\":{\"@id\":\"https:\/\/xr-easy.com\/#organization\"},\"potentialAction\":[{\"@type\":\"SearchAction\",\"target\":{\"@type\":\"EntryPoint\",\"urlTemplate\":\"https:\/\/xr-easy.com\/?s={search_term_string}\"},\"query-input\":{\"@type\":\"PropertyValueSpecification\",\"valueRequired\":true,\"valueName\":\"search_term_string\"}}],\"inLanguage\":\"de\"},{\"@type\":\"Organization\",\"@id\":\"https:\/\/xr-easy.com\/#organization\",\"name\":\"R3DT GmbH\",\"url\":\"https:\/\/xr-easy.com\/\",\"logo\":{\"@type\":\"ImageObject\",\"inLanguage\":\"de\",\"@id\":\"https:\/\/xr-easy.com\/#\/schema\/logo\/image\/\",\"url\":\"https:\/\/xr-easy.com\/wp-content\/uploads\/2022\/07\/r3dt-logo-500px-png.png\",\"contentUrl\":\"https:\/\/xr-easy.com\/wp-content\/uploads\/2022\/07\/r3dt-logo-500px-png.png\",\"width\":500,\"height\":239,\"caption\":\"R3DT GmbH\"},\"image\":{\"@id\":\"https:\/\/xr-easy.com\/#\/schema\/logo\/image\/\"},\"sameAs\":[\"https:\/\/www.facebook.com\/r3dtmeetyourreality\/\",\"https:\/\/x.com\/achimschneider3\",\"https:\/\/www.youtube.com\/channel\/UCKt33qZtUOn4X08y6lVS4fg\",\"https:\/\/www.linkedin.com\/company\/r3dt\/\",\"https:\/\/www.xing.com\/companies\/r3dtgmbh-meetyourreality\"]}]}<\/script>\n<!-- \/ Yoast SEO plugin. -->","yoast_head_json":{"title":"Demo buchen - XR-EASY","description":"Lassen Sie uns Ihnen die VR-Software XR-EASY kostenlos pr\u00e4sentieren! Unser Vertriebsteam erreichen Sie \u00fcber das Webformular auf dieser Seite!","robots":{"index":"index","follow":"follow","max-snippet":"max-snippet:-1","max-image-preview":"max-image-preview:large","max-video-preview":"max-video-preview:-1"},"canonical":"https:\/\/xr-easy.com\/de\/demo-buchen\/","og_locale":"de_DE","og_type":"article","og_title":"Demo buchen - XR-EASY","og_description":"Lassen Sie uns Ihnen die VR-Software XR-EASY kostenlos pr\u00e4sentieren! Unser Vertriebsteam erreichen Sie \u00fcber das Webformular auf dieser Seite!","og_url":"https:\/\/xr-easy.com\/de\/demo-buchen\/","og_site_name":"XR-EASY","article_publisher":"https:\/\/www.facebook.com\/r3dtmeetyourreality\/","article_modified_time":"2025-04-15T15:27:16+00:00","twitter_card":"summary_large_image","twitter_site":"@achimschneider3","twitter_misc":{"Gesch\u00e4tzte Lesezeit":"1\u00a0Minute"},"schema":{"@context":"https:\/\/schema.org","@graph":[{"@type":"WebPage","@id":"https:\/\/xr-easy.com\/de\/demo-buchen\/","url":"https:\/\/xr-easy.com\/de\/demo-buchen\/","name":"Demo buchen - XR-EASY","isPartOf":{"@id":"https:\/\/xr-easy.com\/#website"},"datePublished":"2022-08-09T20:08:36+00:00","dateModified":"2025-04-15T15:27:16+00:00","description":"Lassen Sie uns Ihnen die VR-Software XR-EASY kostenlos pr\u00e4sentieren! Unser Vertriebsteam erreichen Sie \u00fcber das Webformular auf dieser Seite!","breadcrumb":{"@id":"https:\/\/xr-easy.com\/de\/demo-buchen\/#breadcrumb"},"inLanguage":"de","potentialAction":[{"@type":"ReadAction","target":["https:\/\/xr-easy.com\/de\/demo-buchen\/"]}]},{"@type":"BreadcrumbList","@id":"https:\/\/xr-easy.com\/de\/demo-buchen\/#breadcrumb","itemListElement":[{"@type":"ListItem","position":1,"name":"Home","item":"https:\/\/xr-easy.com\/de\/"},{"@type":"ListItem","position":2,"name":"Demo buchen"}]},{"@type":"WebSite","@id":"https:\/\/xr-easy.com\/#website","url":"https:\/\/xr-easy.com\/","name":"XR-EASY","description":"Experience your CAD Models in VR","publisher":{"@id":"https:\/\/xr-easy.com\/#organization"},"potentialAction":[{"@type":"SearchAction","target":{"@type":"EntryPoint","urlTemplate":"https:\/\/xr-easy.com\/?s={search_term_string}"},"query-input":{"@type":"PropertyValueSpecification","valueRequired":true,"valueName":"search_term_string"}}],"inLanguage":"de"},{"@type":"Organization","@id":"https:\/\/xr-easy.com\/#organization","name":"R3DT GmbH","url":"https:\/\/xr-easy.com\/","logo":{"@type":"ImageObject","inLanguage":"de","@id":"https:\/\/xr-easy.com\/#\/schema\/logo\/image\/","url":"https:\/\/xr-easy.com\/wp-content\/uploads\/2022\/07\/r3dt-logo-500px-png.png","contentUrl":"https:\/\/xr-easy.com\/wp-content\/uploads\/2022\/07\/r3dt-logo-500px-png.png","width":500,"height":239,"caption":"R3DT GmbH"},"image":{"@id":"https:\/\/xr-easy.com\/#\/schema\/logo\/image\/"},"sameAs":["https:\/\/www.facebook.com\/r3dtmeetyourreality\/","https:\/\/x.com\/achimschneider3","https:\/\/www.youtube.com\/channel\/UCKt33qZtUOn4X08y6lVS4fg","https:\/\/www.linkedin.com\/company\/r3dt\/","https:\/\/www.xing.com\/companies\/r3dtgmbh-meetyourreality"]}]}},"_links":{"self":[{"href":"https:\/\/xr-easy.com\/de\/wp-json\/wp\/v2\/pages\/1395","targetHints":{"allow":["GET"]}}],"collection":[{"href":"https:\/\/xr-easy.com\/de\/wp-json\/wp\/v2\/pages"}],"about":[{"href":"https:\/\/xr-easy.com\/de\/wp-json\/wp\/v2\/types\/page"}],"author":[{"embeddable":true,"href":"https:\/\/xr-easy.com\/de\/wp-json\/wp\/v2\/users\/1"}],"replies":[{"embeddable":true,"href":"https:\/\/xr-easy.com\/de\/wp-json\/wp\/v2\/comments?post=1395"}],"version-history":[{"count":11,"href":"https:\/\/xr-easy.com\/de\/wp-json\/wp\/v2\/pages\/1395\/revisions"}],"predecessor-version":[{"id":11168,"href":"https:\/\/xr-easy.com\/de\/wp-json\/wp\/v2\/pages\/1395\/revisions\/11168"}],"wp:attachment":[{"href":"https:\/\/xr-easy.com\/de\/wp-json\/wp\/v2\/media?parent=1395"}],"curies":[{"name":"wp","href":"https:\/\/api.w.org\/{rel}","templated":true}]}}