{"id":2781,"date":"2022-08-09T16:39:01","date_gmt":"2022-08-09T14:39:01","guid":{"rendered":"https:\/\/xr-easy.com\/?page_id=2781"},"modified":"2023-01-16T10:51:26","modified_gmt":"2023-01-16T09:51:26","slug":"showroom","status":"publish","type":"page","link":"https:\/\/xr-easy.com\/de\/anwendungen\/showroom\/","title":{"rendered":"Showroom"},"content":{"rendered":"<section class=\"l-section wpb_row height_large with_img\"><div class=\"l-section-img\" role=\"img\" aria-label=\"showroom\" data-img-width=\"1920\" data-img-height=\"501\" style=\"background-image: url(https:\/\/xr-easy.com\/wp-content\/uploads\/2022\/08\/support.jpg);background-repeat: no-repeat;\"><\/div><div class=\"l-section-overlay\" style=\"background:rgba(26,26,26,0.40)\"><\/div><div class=\"l-section-h i-cf\"><div class=\"g-cols vc_row via_grid cols_1 laptops-cols_inherit tablets-cols_inherit mobiles-cols_1 valign_top type_default stacking_default\"><div class=\"wpb_column vc_column_container\"><div class=\"vc_column-inner\"><div class=\"wpb_text_column us_custom_6df4bc3a has_text_color\"><div class=\"wpb_wrapper\"><h1>Virtueller Showroom<\/h1>\n<\/div><\/div><div class=\"w-separator size_medium\"><\/div><\/div><\/div><\/div><\/div><\/section><section class=\"l-section wpb_row last-row height_auto\"><div class=\"l-section-h i-cf\"><div class=\"g-cols vc_row via_grid cols_1 laptops-cols_inherit tablets-cols_inherit mobiles-cols_1 valign_top type_default stacking_default\"><div class=\"wpb_column vc_column_container\"><div class=\"vc_column-inner\"><div class=\"w-separator size_medium\"><\/div><div class=\"wpb_text_column us_custom_87d87be3\"><div class=\"wpb_wrapper\"><p>Der virtuelle Showroom von XR-EASY bietet als &#8222;Messestand in der VR-Brille&#8220; jederzeit und \u00fcberall die M\u00f6glichkeit, Interessenten ihre Produkte, Maschinen und Anlagen zu pr\u00e4sentieren. Mit dieser im Vergleich zu realen Ausstellungsr\u00e4umen und teuren Messest\u00e4nden h\u00f6chst flexiblen, ortsunabh\u00e4ngigen und viel g\u00fcnstigeren Alternative, werden Kunden schneller \u00fcberzeugt und besser beraten. XR-EASY erm\u00f6glicht die Erstellung von VR Showrooms aus vorhandenen 3D-CAD-Modellen innerhalb weniger Minuten.<\/p>\n<\/div><\/div><nav class=\"w-menu us_custom_c53ec798 use-cases-menu hide_on_tablets hide_on_mobiles layout_ver style_links us_menu_1\" style=\"--main-gap:1.5rem;--main-ver-indent:0.8em;--main-hor-indent:0.8em;--main-color:inherit;\"><ul id=\"menu-de_use-cases\" class=\"menu\"><li id=\"menu-item-9927\" class=\"menu-item menu-item-type-post_type menu-item-object-page menu-item-9927\"><a href=\"https:\/\/xr-easy.com\/de\/anwendungen\/montageplanung\/\">Montageplanung<\/a><\/li><li id=\"menu-item-9926\" class=\"menu-item menu-item-type-post_type menu-item-object-page menu-item-9926\"><a href=\"https:\/\/xr-easy.com\/de\/anwendungen\/design-review\/\">Design Review<\/a><\/li><li id=\"menu-item-9928\" class=\"menu-item menu-item-type-post_type menu-item-object-page menu-item-9928\"><a href=\"https:\/\/xr-easy.com\/de\/anwendungen\/showroom\/\">Showroom<\/a><\/li><li id=\"menu-item-9929\" class=\"menu-item menu-item-type-post_type menu-item-object-page menu-item-9929\"><a target=\"_blank\" href=\"https:\/\/xr-easy.com\/de\/vr-studio\/\">Studio<\/a><\/li><\/ul><style>@media ( max-width:600px ){.us_menu_1 .menu{display:block!important}.us_menu_1 .menu>li{margin:0 0 var(--main-gap,1.5rem)!important}}<\/style><\/nav>\n<div class=\"w-separator size_large\"><\/div><div class=\"wpb_text_column us_custom_e4e730e4\"><div class=\"wpb_wrapper\"><h2>Messest\u00e4nde in VR machen Produkte jederzeit erlebbar<\/h2>\n<\/div><\/div><div class=\"w-separator size_small\"><\/div><div class=\"g-cols wpb_row via_grid cols_2 laptops-cols_inherit tablets-cols_inherit mobiles-cols_1 valign_top type_default reversed stacking_default\" style=\"--columns-gap:3rem;\"><div class=\"wpb_column vc_column_container\"><div class=\"vc_column-inner\"><div class=\"wpb_text_column\"><div class=\"wpb_wrapper\"><p>Der wesentliche Vorteil virtueller Showrooms mit XR-EASY liegt im immersiven Erlebnis der Produkte, welches Kunden jederzeit vor Ort, unterwegs oder auf Distanz geboten werden kann. Im VR-Raum kann jede\/r beispielsweise Maschinen oder Ausstattungen sehr reell wahrnehmen, da diese mit echten Ma\u00dfen und tats\u00e4chlichen Proportionen vor einem stehen. Im Live-Gespr\u00e4ch werden, wie auf dem Messestand, konstruktive Besonderheiten und virtuelle Varianten ausf\u00fchrlich diskutiert. So k\u00f6nnen Kundenw\u00fcnsche fr\u00fchzeitig antizipiert werden. Unterm Strich f\u00fchrt das zu begeisterten Kunden, fundierteren Entscheidungen und einem schnelleren Abschluss.<\/p>\n<\/div><\/div><\/div><\/div><div class=\"wpb_column vc_column_container\"><div class=\"vc_column-inner\"><div class=\"w-image align_center\"><a ref=\"magnificPopup\" href=\"https:\/\/xr-easy.com\/wp-content\/uploads\/2022\/08\/vlcsnap-2022-08-18-10h33m08s277.png\" aria-label=\"vlcsnap-2022-08-18-10h33m08s277\" class=\"w-image-h\"><img decoding=\"async\" width=\"1024\" height=\"576\" src=\"https:\/\/xr-easy.com\/wp-content\/uploads\/2022\/08\/vlcsnap-2022-08-18-10h33m08s277-1024x576.png\" class=\"attachment-large size-large\" alt=\"\" loading=\"lazy\" srcset=\"https:\/\/xr-easy.com\/wp-content\/uploads\/2022\/08\/vlcsnap-2022-08-18-10h33m08s277-1024x576.png 1024w, https:\/\/xr-easy.com\/wp-content\/uploads\/2022\/08\/vlcsnap-2022-08-18-10h33m08s277-300x169.png 300w, https:\/\/xr-easy.com\/wp-content\/uploads\/2022\/08\/vlcsnap-2022-08-18-10h33m08s277-711x400.png 711w, https:\/\/xr-easy.com\/wp-content\/uploads\/2022\/08\/vlcsnap-2022-08-18-10h33m08s277.png 1920w\" sizes=\"auto, (max-width: 1024px) 100vw, 1024px\" \/><\/a><\/div><\/div><\/div><\/div><div class=\"w-separator size_large\"><\/div><div class=\"g-cols wpb_row via_grid cols_2 laptops-cols_inherit tablets-cols_inherit mobiles-cols_1 valign_top type_default stacking_default\" style=\"--columns-gap:3rem;\"><div class=\"wpb_column vc_column_container\"><div class=\"vc_column-inner\"><\/div><\/div><div class=\"wpb_column vc_column_container\"><div class=\"vc_column-inner\"><div class=\"wpb_text_column\"><div class=\"wpb_wrapper\"><h2>Vorteile des XR-EASY Showrooms<\/h2>\n<\/div><\/div><\/div><\/div><\/div><div class=\"w-separator size_small\"><\/div><div class=\"g-cols wpb_row via_grid cols_2 laptops-cols_inherit tablets-cols_inherit mobiles-cols_1 valign_top type_default stacking_default\" style=\"--columns-gap:3rem;\"><div class=\"wpb_column vc_column_container\"><div class=\"vc_column-inner\"><div class=\"w-html\"><center><!--HubSpot Call-to-Action Code --><span class=\"hs-cta-wrapper\" id=\"hs-cta-wrapper-fc0c9e87-6824-4bb0-b362-6190fcd3d04a\"><span class=\"hs-cta-node hs-cta-fc0c9e87-6824-4bb0-b362-6190fcd3d04a\" id=\"hs-cta-fc0c9e87-6824-4bb0-b362-6190fcd3d04a\"><!--[if lte IE 8]><div id=\"hs-cta-ie-element\"><\/div><![endif]--><a href=\"https:\/\/cta-redirect.hubspot.com\/cta\/redirect\/8647763\/fc0c9e87-6824-4bb0-b362-6190fcd3d04a\" target=\"_blank\" rel=\"noopener\"><img loading=\"lazy\" decoding=\"async\" class=\"hs-cta-img\" id=\"hs-cta-img-fc0c9e87-6824-4bb0-b362-6190fcd3d04a\" style=\"border-width:0px;\" height=\"394\" width=\"700\" src=\"https:\/\/no-cache.hubspot.com\/cta\/default\/8647763\/fc0c9e87-6824-4bb0-b362-6190fcd3d04a.png\" alt=\"New call-to-action\"><\/a><\/span><script charset=\"utf-8\" src=\"https:\/\/js.hscta.net\/cta\/current.js\"><\/script><script type=\"text\/javascript\"> hbspt.cta.load(8647763, 'fc0c9e87-6824-4bb0-b362-6190fcd3d04a', {}); <\/script><\/span><!-- end HubSpot Call-to-Action Code --><\/center><\/div><\/div><\/div><div class=\"wpb_column vc_column_container\"><div class=\"vc_column-inner\"><div class=\"wpb_text_column\"><div class=\"wpb_wrapper\"><ul>\n<li>Im virtuellen Vertriebsgespr\u00e4ch k\u00f6nnen vorhandene oder individuell konstruierte Produkte und Projekte gemeinsam wie in echt erlebt und besprochen werden<\/li>\n<li>Der VR-Showroom ist jederzeit und \u00fcberall einsatzbereit: Entweder mit vorhandener VR-Hardware oder nach Versand von autarken VR-Brillen auch an VR-unerfahrene Kunden, die diese kinderleicht starten k\u00f6nnen<\/li>\n<li>Der virtuelle Austausch startet \u00fcber die Coop-Cloud wie ein Teams- oder Zoom-Meeting, die Internetverbindung wird mit der VR-Brille verschickt, alles funktioniert nach wenigen Minuten<\/li>\n<li>Reisen werden eingespart und Meetings &#8222;wie in echt&#8220; werden trotz Reisebeschr\u00e4nkungen erst m\u00f6glich &#8211; weltweit<\/li>\n<li>Vertrieb und Kunde schaffen ein gemeinsames Verst\u00e4ndnis, k\u00f6nnen fr\u00fchzeitig W\u00fcnsche diskutieren und Fehlplanungen vermeiden<\/li>\n<\/ul>\n<p>Wenn Sie die Vorteile virtueller Vertriebsr\u00e4ume nutzen m\u00f6chten, kontaktieren Sie uns bitte. Gerne pr\u00e4sentieren wir online die M\u00f6glichkeiten des XR-EASY Showrooms mit <a href=\"https:\/\/xr-easy.com\/de\/demo-buchen\/\">Ihren eigenen 3D-Modellen<\/a>.<\/p>\n<\/div><\/div><\/div><\/div><\/div><\/div><\/div><\/div><\/div><\/section><section class=\"l-section wpb_row us_custom_a518f36e cta-1 us_animate_this height_large color_primary\"><div class=\"l-section-overlay\" style=\"background:linear-gradient(263deg, #0f32b1 0%, #009bcf 100%)\"><\/div><div class=\"l-section-h i-cf\"><div class=\"g-cols vc_row via_grid cols_1 laptops-cols_inherit tablets-cols_inherit mobiles-cols_1 valign_top type_default stacking_default\"><div class=\"wpb_column vc_column_container\"><div class=\"vc_column-inner\"><div class=\"wpb_text_column us_custom_1ac58425\"><div class=\"wpb_wrapper\"><h2 style=\"text-align: center;\">Testen Sie heute XR-EASY mit Ihrem Team<\/h2>\n<\/div><\/div><div class=\"w-separator size_custom\" style=\"height:2.1rem\"><\/div><div class=\"w-btn-wrapper align_center\"><a class=\"w-btn us-btn-style_5\" title=\"Download\" href=\"https:\/\/xr-easy.com\/de\/download\/\"><span class=\"w-btn-label\">Kostenloser Download<\/span><\/a><\/div><div class=\"w-separator size_custom\" style=\"height:2rem\"><\/div><div class=\"w-hwrapper valign_top align_center\"><div class=\"w-iconbox iconpos_left style_default color_custom align_center no_text\"><div class=\"w-iconbox-icon\" style=\"font-size:0.95rem;--icon-color:#05da98;\"><i class=\"fas fa-check\"><\/i><\/div><div class=\"w-iconbox-meta\"><p class=\"w-iconbox-title\" style=\"font-size:1.05rem;\">Funktionen der Software testen<\/p><\/div><\/div><div class=\"w-iconbox iconpos_left style_default color_custom align_center no_text\"><div class=\"w-iconbox-icon\" style=\"font-size:0.95rem;--icon-color:#05da98;\"><i class=\"fas fa-check\"><\/i><\/div><div class=\"w-iconbox-meta\"><p class=\"w-iconbox-title\" style=\"font-size:1.05rem;\">Virtuelles Prototyping &#8211; jederzeit<\/p><\/div><\/div><div class=\"w-iconbox iconpos_left style_default color_custom align_center no_text\"><div class=\"w-iconbox-icon\" style=\"font-size:0.95rem;--icon-color:#05da98;\"><i class=\"fas fa-check\"><\/i><\/div><div class=\"w-iconbox-meta\"><p class=\"w-iconbox-title\" style=\"font-size:1.05rem;\">Virtuell oder am Bildschirm treffen<\/p><\/div><\/div><\/div><\/div><\/div><\/div><\/div><\/section>\n\n","protected":false},"excerpt":{"rendered":"Virtueller Showroom Der virtuelle Showroom von XR-EASY bietet als &#8222;Messestand in der VR-Brille&#8220; jederzeit und \u00fcberall die M\u00f6glichkeit, Interessenten ihre Produkte, Maschinen und Anlagen zu pr\u00e4sentieren. Mit dieser im Vergleich zu realen Ausstellungsr\u00e4umen und teuren Messest\u00e4nden h\u00f6chst flexiblen, ortsunabh\u00e4ngigen und viel g\u00fcnstigeren Alternative, werden Kunden schneller \u00fcberzeugt und besser beraten. XR-EASY erm\u00f6glicht die Erstellung von...","protected":false},"author":1,"featured_media":0,"parent":1214,"menu_order":0,"comment_status":"closed","ping_status":"closed","template":"","meta":{"_acf_changed":false,"footnotes":""},"class_list":["post-2781","page","type-page","status-publish","hentry"],"acf":[],"yoast_head":"<!-- This site is optimized with the Yoast SEO plugin v27.1.1 - https:\/\/yoast.com\/product\/yoast-seo-wordpress\/ -->\n<title>Showroom - XR-EASY<\/title>\n<meta name=\"description\" content=\"Entdecken Sie jetzt das immersive Potenzial der XR-Technologie mit unserem interaktiven VR-Showroom bei der Pr\u00e4sentation Ihrer Produkte!\" \/>\n<meta name=\"robots\" content=\"index, follow, max-snippet:-1, max-image-preview:large, max-video-preview:-1\" \/>\n<link rel=\"canonical\" href=\"https:\/\/xr-easy.com\/de\/anwendungen\/showroom\/\" \/>\n<meta property=\"og:locale\" content=\"de_DE\" \/>\n<meta property=\"og:type\" content=\"article\" \/>\n<meta property=\"og:title\" content=\"Showroom - XR-EASY\" \/>\n<meta property=\"og:description\" content=\"Entdecken Sie jetzt das immersive Potenzial der XR-Technologie mit unserem interaktiven VR-Showroom bei der Pr\u00e4sentation Ihrer Produkte!\" \/>\n<meta property=\"og:url\" content=\"https:\/\/xr-easy.com\/de\/anwendungen\/showroom\/\" \/>\n<meta property=\"og:site_name\" content=\"XR-EASY\" \/>\n<meta property=\"article:publisher\" content=\"https:\/\/www.facebook.com\/r3dtmeetyourreality\/\" \/>\n<meta property=\"article:modified_time\" content=\"2023-01-16T09:51:26+00:00\" \/>\n<meta name=\"twitter:card\" content=\"summary_large_image\" \/>\n<meta name=\"twitter:site\" content=\"@achimschneider3\" \/>\n<meta name=\"twitter:label1\" content=\"Gesch\u00e4tzte Lesezeit\" \/>\n\t<meta name=\"twitter:data1\" content=\"2\u00a0Minuten\" \/>\n<script type=\"application\/ld+json\" class=\"yoast-schema-graph\">{\"@context\":\"https:\/\/schema.org\",\"@graph\":[{\"@type\":\"WebPage\",\"@id\":\"https:\/\/xr-easy.com\/de\/anwendungen\/showroom\/\",\"url\":\"https:\/\/xr-easy.com\/de\/anwendungen\/showroom\/\",\"name\":\"Showroom - XR-EASY\",\"isPartOf\":{\"@id\":\"https:\/\/xr-easy.com\/#website\"},\"datePublished\":\"2022-08-09T14:39:01+00:00\",\"dateModified\":\"2023-01-16T09:51:26+00:00\",\"description\":\"Entdecken Sie jetzt das immersive Potenzial der XR-Technologie mit unserem interaktiven VR-Showroom bei der Pr\u00e4sentation Ihrer Produkte!\",\"breadcrumb\":{\"@id\":\"https:\/\/xr-easy.com\/de\/anwendungen\/showroom\/#breadcrumb\"},\"inLanguage\":\"de\",\"potentialAction\":[{\"@type\":\"ReadAction\",\"target\":[\"https:\/\/xr-easy.com\/de\/anwendungen\/showroom\/\"]}]},{\"@type\":\"BreadcrumbList\",\"@id\":\"https:\/\/xr-easy.com\/de\/anwendungen\/showroom\/#breadcrumb\",\"itemListElement\":[{\"@type\":\"ListItem\",\"position\":1,\"name\":\"Home\",\"item\":\"https:\/\/xr-easy.com\/de\/\"},{\"@type\":\"ListItem\",\"position\":2,\"name\":\"Anwendungen\",\"item\":\"https:\/\/xr-easy.com\/de\/anwendungen\/\"},{\"@type\":\"ListItem\",\"position\":3,\"name\":\"Showroom\"}]},{\"@type\":\"WebSite\",\"@id\":\"https:\/\/xr-easy.com\/#website\",\"url\":\"https:\/\/xr-easy.com\/\",\"name\":\"XR-EASY\",\"description\":\"Experience your CAD Models in VR\",\"publisher\":{\"@id\":\"https:\/\/xr-easy.com\/#organization\"},\"potentialAction\":[{\"@type\":\"SearchAction\",\"target\":{\"@type\":\"EntryPoint\",\"urlTemplate\":\"https:\/\/xr-easy.com\/?s={search_term_string}\"},\"query-input\":{\"@type\":\"PropertyValueSpecification\",\"valueRequired\":true,\"valueName\":\"search_term_string\"}}],\"inLanguage\":\"de\"},{\"@type\":\"Organization\",\"@id\":\"https:\/\/xr-easy.com\/#organization\",\"name\":\"R3DT GmbH\",\"url\":\"https:\/\/xr-easy.com\/\",\"logo\":{\"@type\":\"ImageObject\",\"inLanguage\":\"de\",\"@id\":\"https:\/\/xr-easy.com\/#\/schema\/logo\/image\/\",\"url\":\"https:\/\/xr-easy.com\/wp-content\/uploads\/2022\/07\/r3dt-logo-500px-png.png\",\"contentUrl\":\"https:\/\/xr-easy.com\/wp-content\/uploads\/2022\/07\/r3dt-logo-500px-png.png\",\"width\":500,\"height\":239,\"caption\":\"R3DT GmbH\"},\"image\":{\"@id\":\"https:\/\/xr-easy.com\/#\/schema\/logo\/image\/\"},\"sameAs\":[\"https:\/\/www.facebook.com\/r3dtmeetyourreality\/\",\"https:\/\/x.com\/achimschneider3\",\"https:\/\/www.youtube.com\/channel\/UCKt33qZtUOn4X08y6lVS4fg\",\"https:\/\/www.linkedin.com\/company\/r3dt\/\",\"https:\/\/www.xing.com\/companies\/r3dtgmbh-meetyourreality\"]}]}<\/script>\n<!-- \/ Yoast SEO plugin. -->","yoast_head_json":{"title":"Showroom - XR-EASY","description":"Entdecken Sie jetzt das immersive Potenzial der XR-Technologie mit unserem interaktiven VR-Showroom bei der Pr\u00e4sentation Ihrer Produkte!","robots":{"index":"index","follow":"follow","max-snippet":"max-snippet:-1","max-image-preview":"max-image-preview:large","max-video-preview":"max-video-preview:-1"},"canonical":"https:\/\/xr-easy.com\/de\/anwendungen\/showroom\/","og_locale":"de_DE","og_type":"article","og_title":"Showroom - XR-EASY","og_description":"Entdecken Sie jetzt das immersive Potenzial der XR-Technologie mit unserem interaktiven VR-Showroom bei der Pr\u00e4sentation Ihrer Produkte!","og_url":"https:\/\/xr-easy.com\/de\/anwendungen\/showroom\/","og_site_name":"XR-EASY","article_publisher":"https:\/\/www.facebook.com\/r3dtmeetyourreality\/","article_modified_time":"2023-01-16T09:51:26+00:00","twitter_card":"summary_large_image","twitter_site":"@achimschneider3","twitter_misc":{"Gesch\u00e4tzte Lesezeit":"2\u00a0Minuten"},"schema":{"@context":"https:\/\/schema.org","@graph":[{"@type":"WebPage","@id":"https:\/\/xr-easy.com\/de\/anwendungen\/showroom\/","url":"https:\/\/xr-easy.com\/de\/anwendungen\/showroom\/","name":"Showroom - XR-EASY","isPartOf":{"@id":"https:\/\/xr-easy.com\/#website"},"datePublished":"2022-08-09T14:39:01+00:00","dateModified":"2023-01-16T09:51:26+00:00","description":"Entdecken Sie jetzt das immersive Potenzial der XR-Technologie mit unserem interaktiven VR-Showroom bei der Pr\u00e4sentation Ihrer Produkte!","breadcrumb":{"@id":"https:\/\/xr-easy.com\/de\/anwendungen\/showroom\/#breadcrumb"},"inLanguage":"de","potentialAction":[{"@type":"ReadAction","target":["https:\/\/xr-easy.com\/de\/anwendungen\/showroom\/"]}]},{"@type":"BreadcrumbList","@id":"https:\/\/xr-easy.com\/de\/anwendungen\/showroom\/#breadcrumb","itemListElement":[{"@type":"ListItem","position":1,"name":"Home","item":"https:\/\/xr-easy.com\/de\/"},{"@type":"ListItem","position":2,"name":"Anwendungen","item":"https:\/\/xr-easy.com\/de\/anwendungen\/"},{"@type":"ListItem","position":3,"name":"Showroom"}]},{"@type":"WebSite","@id":"https:\/\/xr-easy.com\/#website","url":"https:\/\/xr-easy.com\/","name":"XR-EASY","description":"Experience your CAD Models in VR","publisher":{"@id":"https:\/\/xr-easy.com\/#organization"},"potentialAction":[{"@type":"SearchAction","target":{"@type":"EntryPoint","urlTemplate":"https:\/\/xr-easy.com\/?s={search_term_string}"},"query-input":{"@type":"PropertyValueSpecification","valueRequired":true,"valueName":"search_term_string"}}],"inLanguage":"de"},{"@type":"Organization","@id":"https:\/\/xr-easy.com\/#organization","name":"R3DT GmbH","url":"https:\/\/xr-easy.com\/","logo":{"@type":"ImageObject","inLanguage":"de","@id":"https:\/\/xr-easy.com\/#\/schema\/logo\/image\/","url":"https:\/\/xr-easy.com\/wp-content\/uploads\/2022\/07\/r3dt-logo-500px-png.png","contentUrl":"https:\/\/xr-easy.com\/wp-content\/uploads\/2022\/07\/r3dt-logo-500px-png.png","width":500,"height":239,"caption":"R3DT GmbH"},"image":{"@id":"https:\/\/xr-easy.com\/#\/schema\/logo\/image\/"},"sameAs":["https:\/\/www.facebook.com\/r3dtmeetyourreality\/","https:\/\/x.com\/achimschneider3","https:\/\/www.youtube.com\/channel\/UCKt33qZtUOn4X08y6lVS4fg","https:\/\/www.linkedin.com\/company\/r3dt\/","https:\/\/www.xing.com\/companies\/r3dtgmbh-meetyourreality"]}]}},"_links":{"self":[{"href":"https:\/\/xr-easy.com\/de\/wp-json\/wp\/v2\/pages\/2781","targetHints":{"allow":["GET"]}}],"collection":[{"href":"https:\/\/xr-easy.com\/de\/wp-json\/wp\/v2\/pages"}],"about":[{"href":"https:\/\/xr-easy.com\/de\/wp-json\/wp\/v2\/types\/page"}],"author":[{"embeddable":true,"href":"https:\/\/xr-easy.com\/de\/wp-json\/wp\/v2\/users\/1"}],"replies":[{"embeddable":true,"href":"https:\/\/xr-easy.com\/de\/wp-json\/wp\/v2\/comments?post=2781"}],"version-history":[{"count":10,"href":"https:\/\/xr-easy.com\/de\/wp-json\/wp\/v2\/pages\/2781\/revisions"}],"predecessor-version":[{"id":3527,"href":"https:\/\/xr-easy.com\/de\/wp-json\/wp\/v2\/pages\/2781\/revisions\/3527"}],"up":[{"embeddable":true,"href":"https:\/\/xr-easy.com\/de\/wp-json\/wp\/v2\/pages\/1214"}],"wp:attachment":[{"href":"https:\/\/xr-easy.com\/de\/wp-json\/wp\/v2\/media?parent=2781"}],"curies":[{"name":"wp","href":"https:\/\/api.w.org\/{rel}","templated":true}]}}