{"id":3048,"date":"2022-08-09T22:06:15","date_gmt":"2022-08-09T20:06:15","guid":{"rendered":"https:\/\/xr-easy.com\/in-the-news\/"},"modified":"2023-10-23T11:21:49","modified_gmt":"2023-10-23T09:21:49","slug":"in-den-nachrichten","status":"publish","type":"page","link":"https:\/\/xr-easy.com\/de\/in-den-nachrichten\/","title":{"rendered":"In den Nachrichten"},"content":{"rendered":"<section class=\"l-section wpb_row us_custom_bb172ac4 height_large\"><div class=\"l-section-h i-cf\"><div class=\"g-cols vc_row via_grid cols_1 laptops-cols_inherit tablets-cols_inherit mobiles-cols_1 valign_top type_default stacking_default\"><div class=\"wpb_column vc_column_container\"><div class=\"vc_column-inner\"><div class=\"wpb_text_column\"><div class=\"wpb_wrapper\"><h1 style=\"text-align: center;\">In den Nachrichten (Auswahl)<\/h1>\n<\/div><\/div><div class=\"w-separator size_medium\"><\/div><div class=\"w-grid us_grid type_grid layout_1683 cols_3 preload_style_spinner\" id=\"us_grid_1\" style=\"--columns:3;--gap:1.5rem;\"><style>@media (max-width:1024px){#us_grid_1{--columns:2!important}}@media (max-width:600px){#us_grid_1{--columns:1!important}}.layout_1683 .w-grid-item-h{background:#ffffff;border-radius:1rem;box-shadow:0 0.05rem 0.1rem rgba(0,0,0,0.1),0 0.17rem 0.5rem rgba(0,0,0,0.1);transition-duration:0.3s}.layout_1683 .usg_post_image_1{margin-bottom:1rem!important}.layout_1683 .usg_vwrapper_1{min-height:300px!important;padding:8%!important;box-shadow:16px 16px 48px 0 rgba(0,0,0,0.10)!important}.layout_1683 .usg_post_content_1{text-align:center!important}.layout_1683 .usg_vwrapper_2{height:90px!important}.layout_1683 .usg_vwrapper_3{min-height:190px!important}<\/style><div class=\"w-grid-list\">\t<article class=\"w-grid-item size_1x1 post-3081 media_coverage type-media_coverage status-publish has-post-thumbnail hentry\" data-id=\"3081\">\r\n\t\t<div class=\"w-grid-item-h\">\r\n\t\t\t\t\t\t<div class=\"w-vwrapper usg_vwrapper_1 align_center valign_top\"><div class=\"w-vwrapper usg_vwrapper_2 align_none valign_middle\"><div class=\"w-post-elm post_image usg_post_image_1\"><a href=\"https:\/\/xr-easy.com\/de\/media_coverage\/automotiveit\/\" aria-label=\"automotiveIT\"><img loading=\"lazy\" decoding=\"async\" width=\"124\" height=\"35\" src=\"https:\/\/xr-easy.com\/wp-content\/uploads\/2022\/08\/automotiveit-logo.jpg\" class=\"attachment-large size-large wp-post-image\" alt=\"automotiveit-logo\" \/><\/a><\/div><\/div><h3 class=\"w-post-elm post_title usg_post_title_1 align_center entry-title color_link_inherit\"><a href=\"https:\/\/xr-easy.com\/de\/media_coverage\/automotiveit\/\">automotiveIT<\/a><\/h3><div class=\"w-vwrapper usg_vwrapper_3 align_none valign_top\"><div class=\"w-post-elm post_content usg_post_content_1 without_sections\"><div class=\"wpb_text_column\"><div class=\"wpb_wrapper\"><p>Innovative Virtual-Reality-Werkzeuge vereinfachen die Produktionsplanung. Schon fr\u00fch werden damit Fehler vermieden und Kosten gesenkt.<\/p>\n<p><a href=\"https:\/\/www.automotiveit.eu\/exklusiv\/schlauer-planen-mit-virtuellen-tools-197.html\" target=\"_blank\" rel=\"noopener\">Zum Artikel<\/a><\/p>\n<\/div><\/div>\n<\/div><\/div><\/div>\t\t<\/div>\r\n\t\t\t<\/article>\r\n\t<article class=\"w-grid-item size_1x1 post-3082 media_coverage type-media_coverage status-publish has-post-thumbnail hentry\" data-id=\"3082\">\r\n\t\t<div class=\"w-grid-item-h\">\r\n\t\t\t\t\t\t<div class=\"w-vwrapper usg_vwrapper_1 align_center valign_top\"><div class=\"w-vwrapper usg_vwrapper_2 align_none valign_middle\"><div class=\"w-post-elm post_image usg_post_image_1\"><a href=\"https:\/\/xr-easy.com\/de\/media_coverage\/bnn\/\" aria-label=\"BNN\"><img loading=\"lazy\" decoding=\"async\" width=\"118\" height=\"35\" src=\"https:\/\/xr-easy.com\/wp-content\/uploads\/2022\/08\/bnn-logo.jpg\" class=\"attachment-large size-large wp-post-image\" alt=\"bnn-logo\" \/><\/a><\/div><\/div><h3 class=\"w-post-elm post_title usg_post_title_1 align_center entry-title color_link_inherit\"><a href=\"https:\/\/xr-easy.com\/de\/media_coverage\/bnn\/\">BNN<\/a><\/h3><div class=\"w-vwrapper usg_vwrapper_3 align_none valign_top\"><div class=\"w-post-elm post_content usg_post_content_1 without_sections\"><div class=\"wpb_text_column\"><div class=\"wpb_wrapper\"><p>Mit der Software von R3DT lassen sich z.B. Fertigungsanlagen im Eins-zu-eins-Ma\u00dfstab visualisieren: die eigenen H\u00e4nde dienen als Hilfsmittel, etwa um Objekte n\u00e4her heranzuholen oder zu verschieben.<\/p>\n<p><a ref=\"magnificPopup\" href=\"https:\/\/xr-easy.com\/wp-content\/uploads\/2022\/08\/bnn-r3dt.jpg\" target=\"_blank\" rel=\"noopener\">Zum Artikel<\/a><\/p>\n<\/div><\/div>\n<\/div><\/div><\/div>\t\t<\/div>\r\n\t\t\t<\/article>\r\n\t<article class=\"w-grid-item size_1x1 post-10780 media_coverage type-media_coverage status-publish has-post-thumbnail hentry\" data-id=\"10780\">\r\n\t\t<div class=\"w-grid-item-h\">\r\n\t\t\t\t\t\t<div class=\"w-vwrapper usg_vwrapper_1 align_center valign_top\"><div class=\"w-vwrapper usg_vwrapper_2 align_none valign_middle\"><div class=\"w-post-elm post_image usg_post_image_1\"><a href=\"https:\/\/xr-easy.com\/de\/media_coverage\/braunschweiger-zeitung\/\" aria-label=\"Braunschweiger Zeitung\"><img loading=\"lazy\" decoding=\"async\" width=\"1024\" height=\"1024\" src=\"https:\/\/xr-easy.com\/wp-content\/uploads\/2023\/10\/braunschweiger-zeitung.svg\" class=\"attachment-large size-large wp-post-image\" alt=\"Braunschweiger Zeitung\" \/><\/a><\/div><\/div><h3 class=\"w-post-elm post_title usg_post_title_1 align_center entry-title color_link_inherit\"><a href=\"https:\/\/xr-easy.com\/de\/media_coverage\/braunschweiger-zeitung\/\">Braunschweiger Zeitung<\/a><\/h3><div class=\"w-vwrapper usg_vwrapper_3 align_none valign_top\"><div class=\"w-post-elm post_content usg_post_content_1 without_sections\"><div class=\"wpb_text_column\"><div class=\"wpb_wrapper\"><p>Virtual Reality (VR)-L\u00f6sung f\u00fcr Architektur, Raumplanung und Messebau &#8211; Hilfreich zur Vermeidung von Missverst\u00e4ndnissen und zur Entscheidungsfindung<\/p>\n<p><a href=\"https:\/\/www.braunschweiger-zeitung.de\/wirtschaft\/presseportal\/article238511429\/Die-Traumkueche-vor-dem-Kauf-virtuell-erleben-VR-Studio-ist-fuer-Branchenpreis-nominiert.html\" target=\"_blank\" rel=\"noopener\">Zum Artikel<\/a><\/p>\n<\/div><\/div>\n<\/div><\/div><\/div>\t\t<\/div>\r\n\t\t\t<\/article>\r\n\t<article class=\"w-grid-item size_1x1 post-3083 media_coverage type-media_coverage status-publish has-post-thumbnail hentry\" data-id=\"3083\">\r\n\t\t<div class=\"w-grid-item-h\">\r\n\t\t\t\t\t\t<div class=\"w-vwrapper usg_vwrapper_1 align_center valign_top\"><div class=\"w-vwrapper usg_vwrapper_2 align_none valign_middle\"><div class=\"w-post-elm post_image usg_post_image_1\"><a href=\"https:\/\/xr-easy.com\/de\/media_coverage\/handling\/\" aria-label=\"handling\"><img loading=\"lazy\" decoding=\"async\" width=\"250\" height=\"64\" src=\"https:\/\/xr-easy.com\/wp-content\/uploads\/2022\/08\/handling-logo.jpg\" class=\"attachment-large size-large wp-post-image\" alt=\"handling-logo\" \/><\/a><\/div><\/div><h3 class=\"w-post-elm post_title usg_post_title_1 align_center entry-title color_link_inherit\"><a href=\"https:\/\/xr-easy.com\/de\/media_coverage\/handling\/\">handling<\/a><\/h3><div class=\"w-vwrapper usg_vwrapper_3 align_none valign_top\"><div class=\"w-post-elm post_content usg_post_content_1 without_sections\"><div class=\"wpb_text_column\"><div class=\"wpb_wrapper\"><p>In fr\u00fchen Planungsphasen werden mit Hilfe von virtuellen Prototypen sonst nur schwer identifizierbare Fehler vermieden.<\/p>\n<p><a href=\"https:\/\/www.handling.de\/montagetechnik\/industrial-engineering--planung-mit-vr.htm\" target=\"_blank\" rel=\"noopener\">Zum Artikel<\/a><\/p>\n<\/div><\/div>\n<\/div><\/div><\/div>\t\t<\/div>\r\n\t\t\t<\/article>\r\n\t<article class=\"w-grid-item size_1x1 post-3084 media_coverage type-media_coverage status-publish has-post-thumbnail hentry\" data-id=\"3084\">\r\n\t\t<div class=\"w-grid-item-h\">\r\n\t\t\t\t\t\t<div class=\"w-vwrapper usg_vwrapper_1 align_center valign_top\"><div class=\"w-vwrapper usg_vwrapper_2 align_none valign_middle\"><div class=\"w-post-elm post_image usg_post_image_1\"><a href=\"https:\/\/xr-easy.com\/de\/media_coverage\/mm-maschinenmarkt\/\" aria-label=\"MM MaschinenMarkt\"><img loading=\"lazy\" decoding=\"async\" width=\"119\" height=\"80\" src=\"https:\/\/xr-easy.com\/wp-content\/uploads\/2022\/08\/maschinenmarkt-logo.jpg\" class=\"attachment-large size-large wp-post-image\" alt=\"maschinenmarkt-logo\" \/><\/a><\/div><\/div><h3 class=\"w-post-elm post_title usg_post_title_1 align_center entry-title color_link_inherit\"><a href=\"https:\/\/xr-easy.com\/de\/media_coverage\/mm-maschinenmarkt\/\">MM MaschinenMarkt<\/a><\/h3><div class=\"w-vwrapper usg_vwrapper_3 align_none valign_top\"><div class=\"w-post-elm post_content usg_post_content_1 without_sections\"><div class=\"wpb_text_column\"><div class=\"wpb_wrapper\"><p>\u201eSie selbst laden Ihre 3D-CAD-Daten auf eine virtuelle Plattform, direkt am Schreibtisch oder im Besprechungszimmer. Das geht jederzeit, schnell und \u00fcberall.\u201c<\/p>\n<p><a href=\"https:\/\/www.maschinenmarkt.vogel.de\/mit-virtual-reality-montageanlagen-planen-a-679540\/\" target=\"_blank\" rel=\"noopener\">Zum Artikel<\/a><\/p>\n<\/div><\/div>\n<\/div><\/div><\/div>\t\t<\/div>\r\n\t\t\t<\/article>\r\n\t<article class=\"w-grid-item size_1x1 post-10768 media_coverage type-media_coverage status-publish has-post-thumbnail hentry\" data-id=\"10768\">\r\n\t\t<div class=\"w-grid-item-h\">\r\n\t\t\t\t\t\t<div class=\"w-vwrapper usg_vwrapper_1 align_center valign_top\"><div class=\"w-vwrapper usg_vwrapper_2 align_none valign_middle\"><div class=\"w-post-elm post_image usg_post_image_1\"><a href=\"https:\/\/xr-easy.com\/de\/media_coverage\/saarbrucker-zeitung\/\" aria-label=\"Saarbr\u00fccker Zeitung\"><img loading=\"lazy\" decoding=\"async\" width=\"342\" height=\"54\" src=\"https:\/\/xr-easy.com\/wp-content\/uploads\/2023\/10\/saarbruecker-zeitung.jpg\" class=\"attachment-large size-large wp-post-image\" alt=\"Saarbr\u00fccker Zeitung\" srcset=\"https:\/\/xr-easy.com\/wp-content\/uploads\/2023\/10\/saarbruecker-zeitung.jpg 342w, https:\/\/xr-easy.com\/wp-content\/uploads\/2023\/10\/saarbruecker-zeitung-300x47.jpg 300w, https:\/\/xr-easy.com\/wp-content\/uploads\/2023\/10\/saarbruecker-zeitung-130x21.jpg 130w\" sizes=\"auto, (max-width: 342px) 100vw, 342px\" \/><\/a><\/div><\/div><h3 class=\"w-post-elm post_title usg_post_title_1 align_center entry-title color_link_inherit\"><a href=\"https:\/\/xr-easy.com\/de\/media_coverage\/saarbrucker-zeitung\/\">Saarbr\u00fccker Zeitung<\/a><\/h3><div class=\"w-vwrapper usg_vwrapper_3 align_none valign_top\"><div class=\"w-post-elm post_content usg_post_content_1 without_sections\"><div class=\"wpb_text_column\"><div class=\"wpb_wrapper\"><p>Virtual Reality im Workflow beim Blitzschutzexperten DEHN SE &#8211; VR-Software XR-EASY erleichtert fr\u00fche Prozessoptimierung<\/p>\n<p><a href=\"https:\/\/www.saarbruecker-zeitung.de\/pr\/presseportal\/virtual-reality-tool-fuer-arbeitssystemplanung-und-fabrikplanung-anwenderbericht-dehn-se_aid-96369907\" target=\"_blank\" rel=\"noopener\">Zum Artikel<\/a><\/p>\n<\/div><\/div>\n<\/div><\/div><\/div>\t\t<\/div>\r\n\t\t\t<\/article>\r\n\t<article class=\"w-grid-item size_1x1 post-3085 media_coverage type-media_coverage status-publish has-post-thumbnail hentry\" data-id=\"3085\">\r\n\t\t<div class=\"w-grid-item-h\">\r\n\t\t\t\t\t\t<div class=\"w-vwrapper usg_vwrapper_1 align_center valign_top\"><div class=\"w-vwrapper usg_vwrapper_2 align_none valign_middle\"><div class=\"w-post-elm post_image usg_post_image_1\"><a href=\"https:\/\/xr-easy.com\/de\/media_coverage\/wirtschaftswoche\/\" aria-label=\"Wirtschaftswoche\"><img loading=\"lazy\" decoding=\"async\" width=\"80\" height=\"35\" src=\"https:\/\/xr-easy.com\/wp-content\/uploads\/2022\/08\/wirtschaftswoche-logo.jpg\" class=\"attachment-large size-large wp-post-image\" alt=\"wirtschaftswoche-logo\" \/><\/a><\/div><\/div><h3 class=\"w-post-elm post_title usg_post_title_1 align_center entry-title color_link_inherit\"><a href=\"https:\/\/xr-easy.com\/de\/media_coverage\/wirtschaftswoche\/\">Wirtschaftswoche<\/a><\/h3><div class=\"w-vwrapper usg_vwrapper_3 align_none valign_top\"><div class=\"w-post-elm post_content usg_post_content_1 without_sections\"><div class=\"wpb_text_column\"><div class=\"wpb_wrapper\"><p>\u201eDer betriebliche Einsatz von Virtual Reality muss so einfach sein wie der Umgang mit dem Smartphone\u201c, sagt Mitgr\u00fcnder Andreas R\u00fcdenauer.<\/p>\n<p><a href=\"https:\/\/gruender.wiwo.de\/r3dt-neue-perspektive-fuer-virtual-reality-start-up\/\" target=\"_blank\" rel=\"noopener\">Zum Artikel<\/a><\/p>\n<\/div><\/div>\n<\/div><\/div><\/div>\t\t<\/div>\r\n\t\t\t<\/article>\r\n<\/div>\t<div class=\"w-grid-preloader\">\r\n\t\t<div class=\"g-preloader type_1\">\r\n\t\t\t<div><\/div>\r\n\t\t<\/div>\r\n\t<\/div>\r\n\t\t<div class=\"w-grid-json hidden\" onclick='return {&quot;action&quot;:&quot;us_ajax_grid&quot;,&quot;infinite_scroll&quot;:0,&quot;max_num_pages&quot;:1,&quot;pagination&quot;:&quot;none&quot;,&quot;template_vars&quot;:{&quot;columns&quot;:&quot;3&quot;,&quot;exclude_items&quot;:&quot;none&quot;,&quot;img_size&quot;:&quot;default&quot;,&quot;ignore_items_size&quot;:0,&quot;items_layout&quot;:&quot;1683&quot;,&quot;items_offset&quot;:&quot;1&quot;,&quot;load_animation&quot;:&quot;none&quot;,&quot;overriding_link&quot;:&quot;{\\&quot;url\\&quot;:\\&quot;\\&quot;}&quot;,&quot;post_id&quot;:0,&quot;query_args&quot;:{&quot;ignore_sticky_posts&quot;:1,&quot;post_type&quot;:&quot;any&quot;,&quot;post__in&quot;:[&quot;1667&quot;,&quot;1666&quot;,&quot;10774&quot;,&quot;1663&quot;,&quot;1665&quot;,&quot;10768&quot;,&quot;1664&quot;],&quot;posts_per_page&quot;:&quot;10&quot;},&quot;orderby_query_args&quot;:{&quot;orderby&quot;:{&quot;post__in&quot;:&quot;ASC&quot;},&quot;order&quot;:&quot;ASC&quot;},&quot;type&quot;:&quot;grid&quot;,&quot;us_grid_post_type&quot;:&quot;ids&quot;,&quot;us_grid_ajax_index&quot;:1,&quot;us_grid_filter_query_string&quot;:null,&quot;us_grid_index&quot;:1,&quot;page_args&quot;:[],&quot;lang&quot;:&quot;de&quot;}}'><\/div>\r\n\t<\/div><\/div><\/div><\/div><\/div><\/section><section class=\"l-section wpb_row us_custom_a518f36e cta-1 us_animate_this height_large color_primary\"><div class=\"l-section-overlay\" style=\"background:linear-gradient(263deg, #0f32b1 0%, #009bcf 100%)\"><\/div><div class=\"l-section-h i-cf\"><div class=\"g-cols vc_row via_grid cols_1 laptops-cols_inherit tablets-cols_inherit mobiles-cols_1 valign_top type_default stacking_default\"><div class=\"wpb_column vc_column_container\"><div class=\"vc_column-inner\"><div class=\"wpb_text_column us_custom_1ac58425\"><div class=\"wpb_wrapper\"><h2 style=\"text-align: center;\">Testen Sie heute XR-EASY mit Ihrem Team<\/h2>\n<\/div><\/div><div class=\"w-separator size_custom\" style=\"height:2.1rem\"><\/div><div class=\"w-btn-wrapper align_center\"><a class=\"w-btn us-btn-style_5\" title=\"Download\" href=\"https:\/\/xr-easy.com\/de\/download\/\"><span class=\"w-btn-label\">Kostenloser Download<\/span><\/a><\/div><div class=\"w-separator size_custom\" style=\"height:2rem\"><\/div><div class=\"w-hwrapper valign_top align_center\"><div class=\"w-iconbox iconpos_left style_default color_custom align_center no_text\"><div class=\"w-iconbox-icon\" style=\"font-size:0.95rem;--icon-color:#05da98;\"><i class=\"fas fa-check\"><\/i><\/div><div class=\"w-iconbox-meta\"><p class=\"w-iconbox-title\" style=\"font-size:1.05rem;\">Funktionen der Software testen<\/p><\/div><\/div><div class=\"w-iconbox iconpos_left style_default color_custom align_center no_text\"><div class=\"w-iconbox-icon\" style=\"font-size:0.95rem;--icon-color:#05da98;\"><i class=\"fas fa-check\"><\/i><\/div><div class=\"w-iconbox-meta\"><p class=\"w-iconbox-title\" style=\"font-size:1.05rem;\">Virtuelles Prototyping &#8211; jederzeit<\/p><\/div><\/div><div class=\"w-iconbox iconpos_left style_default color_custom align_center no_text\"><div class=\"w-iconbox-icon\" style=\"font-size:0.95rem;--icon-color:#05da98;\"><i class=\"fas fa-check\"><\/i><\/div><div class=\"w-iconbox-meta\"><p class=\"w-iconbox-title\" style=\"font-size:1.05rem;\">Virtuell oder am Bildschirm treffen<\/p><\/div><\/div><\/div><\/div><\/div><\/div><\/div><\/section>\n\n","protected":false},"excerpt":{"rendered":"\u201eDer betriebliche Einsatz von Virtual Reality muss so einfach sein wie der Umgang mit dem Smartphone\u201c, sagt Mitgr\u00fcnder Andreas R\u00fcdenauer. Zum Artikel","protected":false},"author":1,"featured_media":0,"parent":0,"menu_order":0,"comment_status":"closed","ping_status":"closed","template":"","meta":{"_acf_changed":false,"footnotes":""},"class_list":["post-3048","page","type-page","status-publish","hentry"],"acf":[],"yoast_head":"<!-- This site is optimized with the Yoast SEO plugin v27.1.1 - https:\/\/yoast.com\/product\/yoast-seo-wordpress\/ -->\n<title>In den Nachrichten - XR-EASY<\/title>\n<meta name=\"robots\" content=\"index, follow, max-snippet:-1, max-image-preview:large, max-video-preview:-1\" \/>\n<link rel=\"canonical\" href=\"https:\/\/xr-easy.com\/in-the-news\/\" \/>\n<meta property=\"og:locale\" content=\"de_DE\" \/>\n<meta property=\"og:type\" content=\"article\" \/>\n<meta property=\"og:title\" content=\"In den Nachrichten - XR-EASY\" \/>\n<meta property=\"og:url\" content=\"https:\/\/xr-easy.com\/in-the-news\/\" \/>\n<meta property=\"og:site_name\" content=\"XR-EASY\" \/>\n<meta property=\"article:publisher\" content=\"https:\/\/www.facebook.com\/r3dtmeetyourreality\/\" \/>\n<meta property=\"article:modified_time\" content=\"2023-10-23T09:21:49+00:00\" \/>\n<meta name=\"twitter:card\" content=\"summary_large_image\" \/>\n<meta name=\"twitter:site\" content=\"@achimschneider3\" \/>\n<meta name=\"twitter:label1\" content=\"Gesch\u00e4tzte Lesezeit\" \/>\n\t<meta name=\"twitter:data1\" content=\"1\u00a0Minute\" \/>\n<script type=\"application\/ld+json\" class=\"yoast-schema-graph\">{\"@context\":\"https:\/\/schema.org\",\"@graph\":[{\"@type\":\"WebPage\",\"@id\":\"https:\/\/xr-easy.com\/in-the-news\/\",\"url\":\"https:\/\/xr-easy.com\/in-the-news\/\",\"name\":\"In den Nachrichten - XR-EASY\",\"isPartOf\":{\"@id\":\"https:\/\/xr-easy.com\/#website\"},\"datePublished\":\"2022-08-09T20:06:15+00:00\",\"dateModified\":\"2023-10-23T09:21:49+00:00\",\"breadcrumb\":{\"@id\":\"https:\/\/xr-easy.com\/in-the-news\/#breadcrumb\"},\"inLanguage\":\"de\",\"potentialAction\":[{\"@type\":\"ReadAction\",\"target\":[\"https:\/\/xr-easy.com\/in-the-news\/\"]}]},{\"@type\":\"BreadcrumbList\",\"@id\":\"https:\/\/xr-easy.com\/in-the-news\/#breadcrumb\",\"itemListElement\":[{\"@type\":\"ListItem\",\"position\":1,\"name\":\"Home\",\"item\":\"https:\/\/xr-easy.com\/de\/\"},{\"@type\":\"ListItem\",\"position\":2,\"name\":\"In den Nachrichten\"}]},{\"@type\":\"WebSite\",\"@id\":\"https:\/\/xr-easy.com\/#website\",\"url\":\"https:\/\/xr-easy.com\/\",\"name\":\"XR-EASY\",\"description\":\"Experience your CAD Models in VR\",\"publisher\":{\"@id\":\"https:\/\/xr-easy.com\/#organization\"},\"potentialAction\":[{\"@type\":\"SearchAction\",\"target\":{\"@type\":\"EntryPoint\",\"urlTemplate\":\"https:\/\/xr-easy.com\/?s={search_term_string}\"},\"query-input\":{\"@type\":\"PropertyValueSpecification\",\"valueRequired\":true,\"valueName\":\"search_term_string\"}}],\"inLanguage\":\"de\"},{\"@type\":\"Organization\",\"@id\":\"https:\/\/xr-easy.com\/#organization\",\"name\":\"R3DT GmbH\",\"url\":\"https:\/\/xr-easy.com\/\",\"logo\":{\"@type\":\"ImageObject\",\"inLanguage\":\"de\",\"@id\":\"https:\/\/xr-easy.com\/#\/schema\/logo\/image\/\",\"url\":\"https:\/\/xr-easy.com\/wp-content\/uploads\/2022\/07\/r3dt-logo-500px-png.png\",\"contentUrl\":\"https:\/\/xr-easy.com\/wp-content\/uploads\/2022\/07\/r3dt-logo-500px-png.png\",\"width\":500,\"height\":239,\"caption\":\"R3DT GmbH\"},\"image\":{\"@id\":\"https:\/\/xr-easy.com\/#\/schema\/logo\/image\/\"},\"sameAs\":[\"https:\/\/www.facebook.com\/r3dtmeetyourreality\/\",\"https:\/\/x.com\/achimschneider3\",\"https:\/\/www.youtube.com\/channel\/UCKt33qZtUOn4X08y6lVS4fg\",\"https:\/\/www.linkedin.com\/company\/r3dt\/\",\"https:\/\/www.xing.com\/companies\/r3dtgmbh-meetyourreality\"]}]}<\/script>\n<!-- \/ Yoast SEO plugin. -->","yoast_head_json":{"title":"In den Nachrichten - XR-EASY","robots":{"index":"index","follow":"follow","max-snippet":"max-snippet:-1","max-image-preview":"max-image-preview:large","max-video-preview":"max-video-preview:-1"},"canonical":"https:\/\/xr-easy.com\/in-the-news\/","og_locale":"de_DE","og_type":"article","og_title":"In den Nachrichten - XR-EASY","og_url":"https:\/\/xr-easy.com\/in-the-news\/","og_site_name":"XR-EASY","article_publisher":"https:\/\/www.facebook.com\/r3dtmeetyourreality\/","article_modified_time":"2023-10-23T09:21:49+00:00","twitter_card":"summary_large_image","twitter_site":"@achimschneider3","twitter_misc":{"Gesch\u00e4tzte Lesezeit":"1\u00a0Minute"},"schema":{"@context":"https:\/\/schema.org","@graph":[{"@type":"WebPage","@id":"https:\/\/xr-easy.com\/in-the-news\/","url":"https:\/\/xr-easy.com\/in-the-news\/","name":"In den Nachrichten - XR-EASY","isPartOf":{"@id":"https:\/\/xr-easy.com\/#website"},"datePublished":"2022-08-09T20:06:15+00:00","dateModified":"2023-10-23T09:21:49+00:00","breadcrumb":{"@id":"https:\/\/xr-easy.com\/in-the-news\/#breadcrumb"},"inLanguage":"de","potentialAction":[{"@type":"ReadAction","target":["https:\/\/xr-easy.com\/in-the-news\/"]}]},{"@type":"BreadcrumbList","@id":"https:\/\/xr-easy.com\/in-the-news\/#breadcrumb","itemListElement":[{"@type":"ListItem","position":1,"name":"Home","item":"https:\/\/xr-easy.com\/de\/"},{"@type":"ListItem","position":2,"name":"In den Nachrichten"}]},{"@type":"WebSite","@id":"https:\/\/xr-easy.com\/#website","url":"https:\/\/xr-easy.com\/","name":"XR-EASY","description":"Experience your CAD Models in VR","publisher":{"@id":"https:\/\/xr-easy.com\/#organization"},"potentialAction":[{"@type":"SearchAction","target":{"@type":"EntryPoint","urlTemplate":"https:\/\/xr-easy.com\/?s={search_term_string}"},"query-input":{"@type":"PropertyValueSpecification","valueRequired":true,"valueName":"search_term_string"}}],"inLanguage":"de"},{"@type":"Organization","@id":"https:\/\/xr-easy.com\/#organization","name":"R3DT GmbH","url":"https:\/\/xr-easy.com\/","logo":{"@type":"ImageObject","inLanguage":"de","@id":"https:\/\/xr-easy.com\/#\/schema\/logo\/image\/","url":"https:\/\/xr-easy.com\/wp-content\/uploads\/2022\/07\/r3dt-logo-500px-png.png","contentUrl":"https:\/\/xr-easy.com\/wp-content\/uploads\/2022\/07\/r3dt-logo-500px-png.png","width":500,"height":239,"caption":"R3DT GmbH"},"image":{"@id":"https:\/\/xr-easy.com\/#\/schema\/logo\/image\/"},"sameAs":["https:\/\/www.facebook.com\/r3dtmeetyourreality\/","https:\/\/x.com\/achimschneider3","https:\/\/www.youtube.com\/channel\/UCKt33qZtUOn4X08y6lVS4fg","https:\/\/www.linkedin.com\/company\/r3dt\/","https:\/\/www.xing.com\/companies\/r3dtgmbh-meetyourreality"]}]}},"_links":{"self":[{"href":"https:\/\/xr-easy.com\/de\/wp-json\/wp\/v2\/pages\/3048","targetHints":{"allow":["GET"]}}],"collection":[{"href":"https:\/\/xr-easy.com\/de\/wp-json\/wp\/v2\/pages"}],"about":[{"href":"https:\/\/xr-easy.com\/de\/wp-json\/wp\/v2\/types\/page"}],"author":[{"embeddable":true,"href":"https:\/\/xr-easy.com\/de\/wp-json\/wp\/v2\/users\/1"}],"replies":[{"embeddable":true,"href":"https:\/\/xr-easy.com\/de\/wp-json\/wp\/v2\/comments?post=3048"}],"version-history":[{"count":5,"href":"https:\/\/xr-easy.com\/de\/wp-json\/wp\/v2\/pages\/3048\/revisions"}],"predecessor-version":[{"id":10781,"href":"https:\/\/xr-easy.com\/de\/wp-json\/wp\/v2\/pages\/3048\/revisions\/10781"}],"wp:attachment":[{"href":"https:\/\/xr-easy.com\/de\/wp-json\/wp\/v2\/media?parent=3048"}],"curies":[{"name":"wp","href":"https:\/\/api.w.org\/{rel}","templated":true}]}}