{"id":3170,"date":"2022-08-09T22:07:34","date_gmt":"2022-08-09T20:07:34","guid":{"rendered":"https:\/\/xr-easy.com\/affiliate\/"},"modified":"2022-08-21T21:20:21","modified_gmt":"2022-08-21T19:20:21","slug":"affiliate","status":"publish","type":"page","link":"https:\/\/xr-easy.com\/de\/affiliate\/","title":{"rendered":"Affiliate"},"content":{"rendered":"<section class=\"l-section wpb_row first-row no-header height_large color_alternate\"><div class=\"l-section-h i-cf\"><div class=\"g-cols vc_row via_grid cols_1 laptops-cols_inherit tablets-cols_inherit mobiles-cols_1 valign_top type_default stacking_default\"><div class=\"wpb_column vc_column_container\"><div class=\"vc_column-inner\"><div class=\"wpb_text_column\"><div class=\"wpb_wrapper\"><h1 style=\"text-align: center;\">Werde ein Affiliatepartner von XR-EASY<\/h1>\n<\/div><\/div><div class=\"w-separator size_small\"><\/div><div class=\"wpb_text_column us_custom_8b5d2d74\"><div class=\"wpb_wrapper\"><p style=\"text-align: center;\">Sie sind ein Fan von XR-EASY und wollen sich etwas dazuverdienen?<\/p>\n<p style=\"text-align: center;\">Unser Partnerprogramm bietet Ihnen die M\u00f6glichkeit Geld zu verdienen und gleichzeitig ihr Lieblings-VR-Tool zu unterst\u00fctzen.<\/p>\n<\/div><\/div><div class=\"w-separator size_small\"><\/div><div class=\"w-btn-wrapper align_center\"><a class=\"w-btn us-btn-style_1 affiliate-form\" href=\"#\"><span class=\"w-btn-label\">Loslegen<\/span><\/a><\/div><\/div><\/div><\/div><\/div><\/section><section class=\"l-section wpb_row height_large\"><div class=\"l-section-h i-cf\"><div class=\"g-cols vc_row via_grid cols_1 laptops-cols_inherit tablets-cols_inherit mobiles-cols_1 valign_top type_default stacking_default\"><div class=\"wpb_column vc_column_container\"><div class=\"vc_column-inner\"><div class=\"wpb_text_column us_custom_c8f41e59\"><div class=\"wpb_wrapper\"><p><strong>Was wird geboten?<br \/>\n<\/strong>Sie erhalten eine Provision f\u00fcr jedes bezahlte Abonnement, welches andere \u00fcber Ihren Link abschlie\u00dfen.<\/p>\n<p><strong>Wie das Programm funktioniert?<br \/>\n<\/strong>Die Teilnahme ist kostenlos! Die Teilnahme an unserem Partnerprogramm kostet Sie absolut nichts.<\/p>\n<p><strong>Wir stellen Ihnen Verkaufs- und Marketingmaterialien zur Verf\u00fcgung&#8230;<\/strong><br \/>\nUm Ihnen bei der Werbung zu helfen, stellen wir Ihnen die Materialien zur Verf\u00fcgung, die Sie ben\u00f6tigen um Ihre Website, Ihren Blog oder welche Plattform Sie auch immer nutzen m\u00f6chten, aufzupeppen.<\/p>\n<p><strong>&#8230; und (nat\u00fcrlich) ein herausragendes Produkt <\/strong><br \/>\nGeben Sie Ihren Kunden die VR-L\u00f6sung f\u00fcr deren Probleme. XR-EASY wird die Arbeitsweise Ihrer Kunden und Leser ver\u00e4ndern.<\/p>\n<p><strong>Mit Vertrauen und Transparenz<\/strong><br \/>\nWir k\u00fcmmern uns um die Sicherheit unserer Kunden und Partner, weshalb unser Ansatz in Bezug auf Privatsph\u00e4re, Sicherheit und Datenschutz mit den Zielen der DSGVO-Gesetzgebung der Europ\u00e4ischen Union \u00fcbereinstimmt.<\/p>\n<\/div><\/div><div class=\"w-popup align_none\"><span class=\"w-popup-trigger type_selector\" data-selector=\".affiliate-form\"><\/span><div class=\"w-popup-overlay\" style=\"background:rgba(0,0,0,0.85);\"><\/div><div class=\"w-popup-wrap layout_default\" role=\"dialog\" aria-modal=\"true\" aria-label=\"Pop-up\" style=\"--title-color:var(--color-content-heading);--title-bg-color:var(--color-content-bg-alt);--content-color:var(--color-content-text);--content-bg-color:var(--color-content-bg);--popup-width:700px;--popup-padding:5%;\"><button aria-label=\"Schlie\u00dfen\" class=\"w-popup-closer\" type=\"button\"><\/button><div class=\"w-popup-box animation_fadeIn closerpos_outside without_title\"><div class=\"w-popup-box-h\"><div class=\"w-popup-box-content\"><section class=\"l-section wpb_row height_auto\"><div class=\"l-section-h i-cf\"><div class=\"g-cols vc_row via_grid cols_1 laptops-cols_inherit tablets-cols_inherit mobiles-cols_1 valign_top type_default stacking_default\"><div class=\"wpb_column vc_column_container\"><div class=\"vc_column-inner\"><div class=\"wpb_text_column\"><div class=\"wpb_wrapper\"><h2 style=\"text-align: center;\">Kontaktieren Sie uns<\/h2>\n<\/div><\/div><div class=\"w-separator size_medium\"><\/div><div class=\"w-html\"><script charset=\"utf-8\" type=\"text\/javascript\" src=\"\/\/js-eu1.hsforms.net\/forms\/embed\/v2.js\"><\/script>\n<script>\n  hbspt.forms.create({\n    portalId: \"8647763\",\n    formId: \"18f6e544-7197-4e4f-8404-d290b0dcbaff\"\n  });\n<\/script><\/div><\/div><\/div><\/div><\/div><\/section>\n<\/div><\/div><\/div><\/div><\/div><\/div><\/div><\/div><\/div><\/section><section class=\"l-section wpb_row us_custom_a518f36e cta-1 us_animate_this height_large color_primary\"><div class=\"l-section-overlay\" style=\"background:linear-gradient(263deg, #0f32b1 0%, #009bcf 100%)\"><\/div><div class=\"l-section-h i-cf\"><div class=\"g-cols vc_row via_grid cols_1 laptops-cols_inherit tablets-cols_inherit mobiles-cols_1 valign_top type_default stacking_default\"><div class=\"wpb_column vc_column_container\"><div class=\"vc_column-inner\"><div class=\"wpb_text_column us_custom_1ac58425\"><div class=\"wpb_wrapper\"><h2 style=\"text-align: center;\">Testen Sie heute XR-EASY mit Ihrem Team<\/h2>\n<\/div><\/div><div class=\"w-separator size_custom\" style=\"height:2.1rem\"><\/div><div class=\"w-btn-wrapper align_center\"><a class=\"w-btn us-btn-style_5\" title=\"Download\" href=\"https:\/\/xr-easy.com\/de\/download\/\"><span class=\"w-btn-label\">Kostenloser Download<\/span><\/a><\/div><div class=\"w-separator size_custom\" style=\"height:2rem\"><\/div><div class=\"w-hwrapper valign_top align_center\"><div class=\"w-iconbox iconpos_left style_default color_custom align_center no_text\"><div class=\"w-iconbox-icon\" style=\"font-size:0.95rem;--icon-color:#05da98;\"><i class=\"fas fa-check\"><\/i><\/div><div class=\"w-iconbox-meta\"><p class=\"w-iconbox-title\" style=\"font-size:1.05rem;\">Funktionen der Software testen<\/p><\/div><\/div><div class=\"w-iconbox iconpos_left style_default color_custom align_center no_text\"><div class=\"w-iconbox-icon\" style=\"font-size:0.95rem;--icon-color:#05da98;\"><i class=\"fas fa-check\"><\/i><\/div><div class=\"w-iconbox-meta\"><p class=\"w-iconbox-title\" style=\"font-size:1.05rem;\">Virtuelles Prototyping &#8211; jederzeit<\/p><\/div><\/div><div class=\"w-iconbox iconpos_left style_default color_custom align_center no_text\"><div class=\"w-iconbox-icon\" style=\"font-size:0.95rem;--icon-color:#05da98;\"><i class=\"fas fa-check\"><\/i><\/div><div class=\"w-iconbox-meta\"><p class=\"w-iconbox-title\" style=\"font-size:1.05rem;\">Virtuell oder am Bildschirm treffen<\/p><\/div><\/div><\/div><\/div><\/div><\/div><\/div><\/section>\n\n","protected":false},"excerpt":{"rendered":"Werde ein Affiliatepartner von XR-EASY Sie sind ein Fan von XR-EASY und wollen sich etwas dazuverdienen? Unser Partnerprogramm bietet Ihnen die M\u00f6glichkeit Geld zu verdienen und gleichzeitig ihr Lieblings-VR-Tool zu unterst\u00fctzen. LoslegenWas wird geboten? Sie erhalten eine Provision f\u00fcr jedes bezahlte Abonnement, welches andere \u00fcber Ihren Link abschlie\u00dfen. Wie das Programm funktioniert? Die Teilnahme ist...","protected":false},"author":1,"featured_media":0,"parent":0,"menu_order":0,"comment_status":"closed","ping_status":"closed","template":"","meta":{"_acf_changed":false,"footnotes":""},"class_list":["post-3170","page","type-page","status-publish","hentry"],"acf":[],"yoast_head":"<!-- This site is optimized with the Yoast SEO plugin v27.1.1 - https:\/\/yoast.com\/product\/yoast-seo-wordpress\/ -->\n<title>Affiliate - XR-EASY<\/title>\n<meta name=\"robots\" content=\"index, follow, max-snippet:-1, max-image-preview:large, max-video-preview:-1\" \/>\n<link rel=\"canonical\" href=\"https:\/\/xr-easy.com\/de\/affiliate\/\" \/>\n<meta property=\"og:locale\" content=\"de_DE\" \/>\n<meta property=\"og:type\" content=\"article\" \/>\n<meta property=\"og:title\" content=\"Affiliate - XR-EASY\" \/>\n<meta property=\"og:url\" content=\"https:\/\/xr-easy.com\/de\/affiliate\/\" \/>\n<meta property=\"og:site_name\" content=\"XR-EASY\" \/>\n<meta property=\"article:publisher\" content=\"https:\/\/www.facebook.com\/r3dtmeetyourreality\/\" \/>\n<meta property=\"article:modified_time\" content=\"2022-08-21T19:20:21+00:00\" \/>\n<meta name=\"twitter:card\" content=\"summary_large_image\" \/>\n<meta name=\"twitter:site\" content=\"@achimschneider3\" \/>\n<meta name=\"twitter:label1\" content=\"Gesch\u00e4tzte Lesezeit\" \/>\n\t<meta name=\"twitter:data1\" content=\"1\u00a0Minute\" \/>\n<script type=\"application\/ld+json\" class=\"yoast-schema-graph\">{\"@context\":\"https:\/\/schema.org\",\"@graph\":[{\"@type\":\"WebPage\",\"@id\":\"https:\/\/xr-easy.com\/de\/affiliate\/\",\"url\":\"https:\/\/xr-easy.com\/de\/affiliate\/\",\"name\":\"Affiliate - XR-EASY\",\"isPartOf\":{\"@id\":\"https:\/\/xr-easy.com\/#website\"},\"datePublished\":\"2022-08-09T20:07:34+00:00\",\"dateModified\":\"2022-08-21T19:20:21+00:00\",\"breadcrumb\":{\"@id\":\"https:\/\/xr-easy.com\/de\/affiliate\/#breadcrumb\"},\"inLanguage\":\"de\",\"potentialAction\":[{\"@type\":\"ReadAction\",\"target\":[\"https:\/\/xr-easy.com\/de\/affiliate\/\"]}]},{\"@type\":\"BreadcrumbList\",\"@id\":\"https:\/\/xr-easy.com\/de\/affiliate\/#breadcrumb\",\"itemListElement\":[{\"@type\":\"ListItem\",\"position\":1,\"name\":\"Home\",\"item\":\"https:\/\/xr-easy.com\/de\/\"},{\"@type\":\"ListItem\",\"position\":2,\"name\":\"Affiliate\"}]},{\"@type\":\"WebSite\",\"@id\":\"https:\/\/xr-easy.com\/#website\",\"url\":\"https:\/\/xr-easy.com\/\",\"name\":\"XR-EASY\",\"description\":\"Experience your CAD Models in VR\",\"publisher\":{\"@id\":\"https:\/\/xr-easy.com\/#organization\"},\"potentialAction\":[{\"@type\":\"SearchAction\",\"target\":{\"@type\":\"EntryPoint\",\"urlTemplate\":\"https:\/\/xr-easy.com\/?s={search_term_string}\"},\"query-input\":{\"@type\":\"PropertyValueSpecification\",\"valueRequired\":true,\"valueName\":\"search_term_string\"}}],\"inLanguage\":\"de\"},{\"@type\":\"Organization\",\"@id\":\"https:\/\/xr-easy.com\/#organization\",\"name\":\"R3DT GmbH\",\"url\":\"https:\/\/xr-easy.com\/\",\"logo\":{\"@type\":\"ImageObject\",\"inLanguage\":\"de\",\"@id\":\"https:\/\/xr-easy.com\/#\/schema\/logo\/image\/\",\"url\":\"https:\/\/xr-easy.com\/wp-content\/uploads\/2022\/07\/r3dt-logo-500px-png.png\",\"contentUrl\":\"https:\/\/xr-easy.com\/wp-content\/uploads\/2022\/07\/r3dt-logo-500px-png.png\",\"width\":500,\"height\":239,\"caption\":\"R3DT GmbH\"},\"image\":{\"@id\":\"https:\/\/xr-easy.com\/#\/schema\/logo\/image\/\"},\"sameAs\":[\"https:\/\/www.facebook.com\/r3dtmeetyourreality\/\",\"https:\/\/x.com\/achimschneider3\",\"https:\/\/www.youtube.com\/channel\/UCKt33qZtUOn4X08y6lVS4fg\",\"https:\/\/www.linkedin.com\/company\/r3dt\/\",\"https:\/\/www.xing.com\/companies\/r3dtgmbh-meetyourreality\"]}]}<\/script>\n<!-- \/ Yoast SEO plugin. -->","yoast_head_json":{"title":"Affiliate - XR-EASY","robots":{"index":"index","follow":"follow","max-snippet":"max-snippet:-1","max-image-preview":"max-image-preview:large","max-video-preview":"max-video-preview:-1"},"canonical":"https:\/\/xr-easy.com\/de\/affiliate\/","og_locale":"de_DE","og_type":"article","og_title":"Affiliate - XR-EASY","og_url":"https:\/\/xr-easy.com\/de\/affiliate\/","og_site_name":"XR-EASY","article_publisher":"https:\/\/www.facebook.com\/r3dtmeetyourreality\/","article_modified_time":"2022-08-21T19:20:21+00:00","twitter_card":"summary_large_image","twitter_site":"@achimschneider3","twitter_misc":{"Gesch\u00e4tzte Lesezeit":"1\u00a0Minute"},"schema":{"@context":"https:\/\/schema.org","@graph":[{"@type":"WebPage","@id":"https:\/\/xr-easy.com\/de\/affiliate\/","url":"https:\/\/xr-easy.com\/de\/affiliate\/","name":"Affiliate - XR-EASY","isPartOf":{"@id":"https:\/\/xr-easy.com\/#website"},"datePublished":"2022-08-09T20:07:34+00:00","dateModified":"2022-08-21T19:20:21+00:00","breadcrumb":{"@id":"https:\/\/xr-easy.com\/de\/affiliate\/#breadcrumb"},"inLanguage":"de","potentialAction":[{"@type":"ReadAction","target":["https:\/\/xr-easy.com\/de\/affiliate\/"]}]},{"@type":"BreadcrumbList","@id":"https:\/\/xr-easy.com\/de\/affiliate\/#breadcrumb","itemListElement":[{"@type":"ListItem","position":1,"name":"Home","item":"https:\/\/xr-easy.com\/de\/"},{"@type":"ListItem","position":2,"name":"Affiliate"}]},{"@type":"WebSite","@id":"https:\/\/xr-easy.com\/#website","url":"https:\/\/xr-easy.com\/","name":"XR-EASY","description":"Experience your CAD Models in VR","publisher":{"@id":"https:\/\/xr-easy.com\/#organization"},"potentialAction":[{"@type":"SearchAction","target":{"@type":"EntryPoint","urlTemplate":"https:\/\/xr-easy.com\/?s={search_term_string}"},"query-input":{"@type":"PropertyValueSpecification","valueRequired":true,"valueName":"search_term_string"}}],"inLanguage":"de"},{"@type":"Organization","@id":"https:\/\/xr-easy.com\/#organization","name":"R3DT GmbH","url":"https:\/\/xr-easy.com\/","logo":{"@type":"ImageObject","inLanguage":"de","@id":"https:\/\/xr-easy.com\/#\/schema\/logo\/image\/","url":"https:\/\/xr-easy.com\/wp-content\/uploads\/2022\/07\/r3dt-logo-500px-png.png","contentUrl":"https:\/\/xr-easy.com\/wp-content\/uploads\/2022\/07\/r3dt-logo-500px-png.png","width":500,"height":239,"caption":"R3DT GmbH"},"image":{"@id":"https:\/\/xr-easy.com\/#\/schema\/logo\/image\/"},"sameAs":["https:\/\/www.facebook.com\/r3dtmeetyourreality\/","https:\/\/x.com\/achimschneider3","https:\/\/www.youtube.com\/channel\/UCKt33qZtUOn4X08y6lVS4fg","https:\/\/www.linkedin.com\/company\/r3dt\/","https:\/\/www.xing.com\/companies\/r3dtgmbh-meetyourreality"]}]}},"_links":{"self":[{"href":"https:\/\/xr-easy.com\/de\/wp-json\/wp\/v2\/pages\/3170","targetHints":{"allow":["GET"]}}],"collection":[{"href":"https:\/\/xr-easy.com\/de\/wp-json\/wp\/v2\/pages"}],"about":[{"href":"https:\/\/xr-easy.com\/de\/wp-json\/wp\/v2\/types\/page"}],"author":[{"embeddable":true,"href":"https:\/\/xr-easy.com\/de\/wp-json\/wp\/v2\/users\/1"}],"replies":[{"embeddable":true,"href":"https:\/\/xr-easy.com\/de\/wp-json\/wp\/v2\/comments?post=3170"}],"version-history":[{"count":10,"href":"https:\/\/xr-easy.com\/de\/wp-json\/wp\/v2\/pages\/3170\/revisions"}],"predecessor-version":[{"id":3337,"href":"https:\/\/xr-easy.com\/de\/wp-json\/wp\/v2\/pages\/3170\/revisions\/3337"}],"wp:attachment":[{"href":"https:\/\/xr-easy.com\/de\/wp-json\/wp\/v2\/media?parent=3170"}],"curies":[{"name":"wp","href":"https:\/\/api.w.org\/{rel}","templated":true}]}}