{"id":3174,"date":"2022-08-09T22:07:54","date_gmt":"2022-08-09T20:07:54","guid":{"rendered":"https:\/\/xr-easy.com\/add-on-partnerships\/"},"modified":"2025-01-08T15:55:56","modified_gmt":"2025-01-08T14:55:56","slug":"partnerschaften","status":"publish","type":"page","link":"https:\/\/xr-easy.com\/de\/partnerschaften\/","title":{"rendered":"Partnerschaften"},"content":{"rendered":"<section class=\"l-section wpb_row first-row no-header height_large color_alternate\" id=\"add-on-partners\"><div class=\"l-section-h i-cf\"><div class=\"g-cols vc_row via_grid cols_1 laptops-cols_inherit tablets-cols_inherit mobiles-cols_1 valign_top type_default stacking_default\"><div class=\"wpb_column vc_column_container\"><div class=\"vc_column-inner\"><div class=\"wpb_text_column\"><div class=\"wpb_wrapper\"><h1 style=\"text-align: center;\">Erweitern Sie Ihre 3D-CAD-L\u00f6sung um VR<\/h1>\n<\/div><\/div><div class=\"w-separator size_small\"><\/div><div class=\"wpb_text_column us_custom_2e9da019\"><div class=\"wpb_wrapper\"><p>Wir helfen Software-Anbietern von 3D CAD f\u00fcr Design, Konstruktion und Planung dabei, ihren Nutzern zus\u00e4tzlich ein hochwertiges VR-Erlebnis der geplanten Produkte zu bieten. Bitte kontaktieren Sie uns f\u00fcr eine einfache und flexible VR-Erweiterung Ihrer Softwarel\u00f6sung.<\/p>\n<\/div><\/div><div class=\"w-separator size_medium\"><\/div><div class=\"w-html us_custom_217c0fe1\"><script charset=\"utf-8\" type=\"text\/javascript\" src=\"\/\/js-eu1.hsforms.net\/forms\/embed\/v2.js\"><\/script>\n<script>\n  hbspt.forms.create({\n    portalId: \"8647763\",\n    formId: \"18f6e544-7197-4e4f-8404-d290b0dcbaff\"\n  });\n<\/script><\/div><\/div><\/div><\/div><\/div><\/section><section class=\"l-section wpb_row height_large\"><div class=\"l-section-h i-cf\"><div class=\"g-cols vc_row via_grid cols_1 laptops-cols_inherit tablets-cols_inherit mobiles-cols_1 valign_top type_default stacking_default\"><div class=\"wpb_column vc_column_container\"><div class=\"vc_column-inner\"><div class=\"wpb_text_column\"><div class=\"wpb_wrapper\"><h2 style=\"text-align: center;\">Unsere Kooperationspartner<\/h2>\n<\/div><\/div><div class=\"w-separator size_medium\"><\/div><div class=\"g-cols wpb_row via_grid cols_custom laptops-cols_inherit tablets-cols_inherit mobiles-cols_1 valign_top type_default stacking_default\" style=\"--columns-gap:3rem;--laptops-columns-gap:3rem;--tablets-columns-gap:3rem;--mobiles-columns-gap:2.0rem;--custom-columns:1fr 1fr 1fr\"><div class=\"wpb_column vc_column_container supported-formats-column\"><div class=\"vc_column-inner\"><div class=\"w-separator size_small\"><\/div><div class=\"w-vwrapper us_custom_bca97c99 align_none valign_middle\"><div class=\"w-image align_center\"><div class=\"w-image-h\"><img decoding=\"async\" width=\"1016\" height=\"151\" src=\"https:\/\/xr-easy.com\/wp-content\/uploads\/2022\/07\/hammes-logo.png\" class=\"attachment-us_375_0 size-us_375_0\" alt=\"hammes-logo\" loading=\"lazy\" srcset=\"https:\/\/xr-easy.com\/wp-content\/uploads\/2022\/07\/hammes-logo.png 1016w, https:\/\/xr-easy.com\/wp-content\/uploads\/2022\/07\/hammes-logo-300x45.png 300w, https:\/\/xr-easy.com\/wp-content\/uploads\/2022\/07\/hammes-logo-130x19.png 130w\" sizes=\"auto, (max-width: 1016px) 100vw, 1016px\" \/><\/div><\/div><\/div><div class=\"w-separator size_medium\"><\/div><div class=\"wpb_text_column\"><div class=\"wpb_wrapper\"><h3 style=\"text-align: center;\">HAMMES|XR-EASY<\/h3>\n<p style=\"text-align: center;\">Mit XR-EASY bietet HAMMES|Software die M\u00f6glichkeit, eine mit Erfahrung und Kreativit\u00e4t entworfene Raumplanung in Virtual Reality (VR) lebensecht zu pr\u00e4sentieren.<\/p>\n<p style=\"text-align: center;\">Innerhalb weniger Minuten k\u00f6nnen die Kunden ihren Traumraum virtuell mit Hilfe der kabellosen VR-Brille erkunden und sich ein authentisches Bild von der Planung machen.<\/p>\n<p style=\"text-align: center;\">Das Ergebnis sind fundiertere Entscheidungen, \u00fcberzeugte und begeisterte Kunden sowie ein schnellerer Abschluss.<\/p>\n<\/div><\/div><div class=\"w-separator size_custom\" style=\"height:4.4rem\" id=\"ta7b\"><style>@media(max-width:600px){ #ta7b{height:calc(1rem + 2.5vw)!important}}<\/style><\/div><div class=\"w-btn-wrapper align_center\"><a class=\"w-btn us-btn-style_1\" target=\"_blank\" rel=\"nofollow\" href=\"https:\/\/www.hammes-software.com\/\"><span class=\"w-btn-label\">Partner besuchen<\/span><\/a><\/div><\/div><\/div><div class=\"wpb_column vc_column_container supported-formats-column\"><div class=\"vc_column-inner\"><div class=\"w-separator size_small\"><\/div><div class=\"w-vwrapper us_custom_bca97c99 align_none valign_middle\"><div class=\"w-image us_custom_2d9ebfef align_center\"><div class=\"w-image-h\"><img decoding=\"async\" src=\"https:\/\/xr-easy.com\/wp-content\/uploads\/2022\/10\/gertler-software.svg\" class=\"attachment-full size-full\" alt=\"gertler software\" loading=\"lazy\" \/><\/div><\/div><\/div><div class=\"w-separator size_medium\"><\/div><div class=\"wpb_text_column\"><div class=\"wpb_wrapper\"><h3 style=\"text-align: center;\">PLAN|XR-EASY<\/h3>\n<p style=\"text-align: center;\">Mit XR-EASY bietet die GERTLER SOFTWARE KG die M\u00f6glichkeit, eine mit Erfahrung und Kreativit\u00e4t entworfene Raumplanung in Virtual Reality (VR) wie in echt zu pr\u00e4sentieren.<\/p>\n<p style=\"text-align: center;\">Innerhalb weniger Minuten k\u00f6nnen die Kunden ihren Traumraum virtuell mit Hilfe der kabellosen VR-Brille erkunden und sich ein authentisches Bild von der Planung machen.<\/p>\n<p style=\"text-align: center;\">Das Ergebnis sind fundiertere Entscheidungen, \u00fcberzeugte und begeisterte Kunden sowie ein schnellerer Abschluss.<\/p>\n<\/div><\/div><div class=\"w-separator size_custom\" style=\"height:4.4rem\" id=\"dd43\"><style>@media(max-width:600px){ #dd43{height:calc(1rem + 2.5vw)!important}}<\/style><\/div><div class=\"w-btn-wrapper align_center\"><a class=\"w-btn us-btn-style_1\" target=\"_blank\" rel=\"nofollow\" href=\"http:\/\/www.gertler.at\/\"><span class=\"w-btn-label\">Partner besuchen<\/span><\/a><\/div><\/div><\/div><div class=\"wpb_column vc_column_container supported-formats-column\"><div class=\"vc_column-inner\"><div class=\"w-separator size_small\"><\/div><div class=\"w-vwrapper us_custom_bca97c99 align_none valign_middle\"><div class=\"w-image us_custom_a5537b3f align_center\"><div class=\"w-image-h\"><img decoding=\"async\" width=\"457\" height=\"101\" src=\"https:\/\/xr-easy.com\/wp-content\/uploads\/2023\/08\/winsoft-logo-3.jpg\" class=\"attachment-full size-full\" alt=\"\" loading=\"lazy\" srcset=\"https:\/\/xr-easy.com\/wp-content\/uploads\/2023\/08\/winsoft-logo-3.jpg 457w, https:\/\/xr-easy.com\/wp-content\/uploads\/2023\/08\/winsoft-logo-3-300x66.jpg 300w, https:\/\/xr-easy.com\/wp-content\/uploads\/2023\/08\/winsoft-logo-3-130x29.jpg 130w, https:\/\/xr-easy.com\/wp-content\/uploads\/2023\/08\/winsoft-logo-3-389x86.jpg 389w\" sizes=\"auto, (max-width: 457px) 100vw, 457px\" \/><\/div><\/div><\/div><div class=\"w-separator size_medium\"><\/div><div class=\"wpb_text_column\"><div class=\"wpb_wrapper\"><h3 style=\"text-align: center;\">WinSoft|XR-EASY<\/h3>\n<p style=\"text-align: center;\">Mit XR-EASY bietet die Softronik Softwareentwicklungs GmbH die M\u00f6glichkeit, eine mit Erfahrung und Kreativit\u00e4t entworfene Raumplanung in Virtual Reality (VR) wie in echt zu pr\u00e4sentieren.<\/p>\n<p style=\"text-align: center;\">Innerhalb weniger Minuten k\u00f6nnen die Kunden ihren Traumraum virtuell mit Hilfe der kabellosen VR-Brille erkunden und sich ein authentisches Bild von der Planung machen.<\/p>\n<p style=\"text-align: center;\">Das Ergebnis sind fundiertere Entscheidungen, \u00fcberzeugte und begeisterte Kunden sowie ein schnellerer Abschluss.<\/p>\n<\/div><\/div><div class=\"w-separator size_medium\"><\/div><div class=\"w-btn-wrapper align_center\"><a class=\"w-btn us-btn-style_1\" target=\"_blank\" rel=\"nofollow\" href=\"https:\/\/www.softronik-gmbh.de\"><span class=\"w-btn-label\">Partner besuchen<\/span><\/a><\/div><\/div><\/div><\/div><\/div><\/div><\/div><\/div><\/section><section class=\"l-section wpb_row us_custom_a518f36e cta-1 us_animate_this height_large color_primary\"><div class=\"l-section-overlay\" style=\"background:linear-gradient(263deg, #0f32b1 0%, #009bcf 100%)\"><\/div><div class=\"l-section-h i-cf\"><div class=\"g-cols vc_row via_grid cols_1 laptops-cols_inherit tablets-cols_inherit mobiles-cols_1 valign_top type_default stacking_default\"><div class=\"wpb_column vc_column_container\"><div class=\"vc_column-inner\"><div class=\"wpb_text_column us_custom_1ac58425\"><div class=\"wpb_wrapper\"><h2 style=\"text-align: center;\">Testen Sie heute XR-EASY mit Ihrem Team<\/h2>\n<\/div><\/div><div class=\"w-separator size_custom\" style=\"height:2.1rem\"><\/div><div class=\"w-btn-wrapper align_center\"><a class=\"w-btn us-btn-style_5\" title=\"Download\" href=\"https:\/\/xr-easy.com\/de\/download\/\"><span class=\"w-btn-label\">Kostenloser Download<\/span><\/a><\/div><div class=\"w-separator size_custom\" style=\"height:2rem\"><\/div><div class=\"w-hwrapper valign_top align_center\"><div class=\"w-iconbox iconpos_left style_default color_custom align_center no_text\"><div class=\"w-iconbox-icon\" style=\"font-size:0.95rem;--icon-color:#05da98;\"><i class=\"fas fa-check\"><\/i><\/div><div class=\"w-iconbox-meta\"><p class=\"w-iconbox-title\" style=\"font-size:1.05rem;\">Funktionen der Software testen<\/p><\/div><\/div><div class=\"w-iconbox iconpos_left style_default color_custom align_center no_text\"><div class=\"w-iconbox-icon\" style=\"font-size:0.95rem;--icon-color:#05da98;\"><i class=\"fas fa-check\"><\/i><\/div><div class=\"w-iconbox-meta\"><p class=\"w-iconbox-title\" style=\"font-size:1.05rem;\">Virtuelles Prototyping &#8211; jederzeit<\/p><\/div><\/div><div class=\"w-iconbox iconpos_left style_default color_custom align_center no_text\"><div class=\"w-iconbox-icon\" style=\"font-size:0.95rem;--icon-color:#05da98;\"><i class=\"fas fa-check\"><\/i><\/div><div class=\"w-iconbox-meta\"><p class=\"w-iconbox-title\" style=\"font-size:1.05rem;\">Virtuell oder am Bildschirm treffen<\/p><\/div><\/div><\/div><\/div><\/div><\/div><\/div><\/section>\n\n","protected":false},"excerpt":{"rendered":"Erweitern Sie Ihre 3D-CAD-L\u00f6sung um VR Wir helfen Software-Anbietern von 3D CAD f\u00fcr Design, Konstruktion und Planung dabei, ihren Nutzern zus\u00e4tzlich ein hochwertiges VR-Erlebnis der geplanten Produkte zu bieten. Bitte kontaktieren Sie uns f\u00fcr eine einfache und flexible VR-Erweiterung Ihrer Softwarel\u00f6sung. Unsere Kooperationspartner HAMMES|XR-EASY Mit XR-EASY bietet HAMMES|Software die M\u00f6glichkeit, eine mit Erfahrung und Kreativit\u00e4t...","protected":false},"author":1,"featured_media":0,"parent":0,"menu_order":0,"comment_status":"closed","ping_status":"closed","template":"","meta":{"_acf_changed":false,"footnotes":""},"class_list":["post-3174","page","type-page","status-publish","hentry"],"acf":[],"yoast_head":"<!-- This site is optimized with the Yoast SEO plugin v27.1.1 - https:\/\/yoast.com\/product\/yoast-seo-wordpress\/ -->\n<title>Partnerschaften - XR-EASY<\/title>\n<meta name=\"description\" content=\"Wir helfen Anbietern von 3D-CAD- und Planungssoftware, ihren Benutzern das beste VR-Erlebnis zu bieten. Z\u00f6gern Sie nicht uns zu kontaktieren!\" \/>\n<meta name=\"robots\" content=\"index, follow, max-snippet:-1, max-image-preview:large, max-video-preview:-1\" \/>\n<link rel=\"canonical\" href=\"https:\/\/xr-easy.com\/de\/partnerschaften\/\" \/>\n<meta property=\"og:locale\" content=\"de_DE\" \/>\n<meta property=\"og:type\" content=\"article\" \/>\n<meta property=\"og:title\" content=\"Partnerschaften - XR-EASY\" \/>\n<meta property=\"og:description\" content=\"Wir helfen Anbietern von 3D-CAD- und Planungssoftware, ihren Benutzern das beste VR-Erlebnis zu bieten. Z\u00f6gern Sie nicht uns zu kontaktieren!\" \/>\n<meta property=\"og:url\" content=\"https:\/\/xr-easy.com\/de\/partnerschaften\/\" \/>\n<meta property=\"og:site_name\" content=\"XR-EASY\" \/>\n<meta property=\"article:publisher\" content=\"https:\/\/www.facebook.com\/r3dtmeetyourreality\/\" \/>\n<meta property=\"article:modified_time\" content=\"2025-01-08T14:55:56+00:00\" \/>\n<meta name=\"twitter:card\" content=\"summary_large_image\" \/>\n<meta name=\"twitter:site\" content=\"@achimschneider3\" \/>\n<meta name=\"twitter:label1\" content=\"Gesch\u00e4tzte Lesezeit\" \/>\n\t<meta name=\"twitter:data1\" content=\"3\u00a0Minuten\" \/>\n<script type=\"application\/ld+json\" class=\"yoast-schema-graph\">{\"@context\":\"https:\/\/schema.org\",\"@graph\":[{\"@type\":\"WebPage\",\"@id\":\"https:\/\/xr-easy.com\/de\/partnerschaften\/\",\"url\":\"https:\/\/xr-easy.com\/de\/partnerschaften\/\",\"name\":\"Partnerschaften - XR-EASY\",\"isPartOf\":{\"@id\":\"https:\/\/xr-easy.com\/#website\"},\"datePublished\":\"2022-08-09T20:07:54+00:00\",\"dateModified\":\"2025-01-08T14:55:56+00:00\",\"description\":\"Wir helfen Anbietern von 3D-CAD- und Planungssoftware, ihren Benutzern das beste VR-Erlebnis zu bieten. Z\u00f6gern Sie nicht uns zu kontaktieren!\",\"breadcrumb\":{\"@id\":\"https:\/\/xr-easy.com\/de\/partnerschaften\/#breadcrumb\"},\"inLanguage\":\"de\",\"potentialAction\":[{\"@type\":\"ReadAction\",\"target\":[\"https:\/\/xr-easy.com\/de\/partnerschaften\/\"]}]},{\"@type\":\"BreadcrumbList\",\"@id\":\"https:\/\/xr-easy.com\/de\/partnerschaften\/#breadcrumb\",\"itemListElement\":[{\"@type\":\"ListItem\",\"position\":1,\"name\":\"Home\",\"item\":\"https:\/\/xr-easy.com\/de\/\"},{\"@type\":\"ListItem\",\"position\":2,\"name\":\"Partnerschaften\"}]},{\"@type\":\"WebSite\",\"@id\":\"https:\/\/xr-easy.com\/#website\",\"url\":\"https:\/\/xr-easy.com\/\",\"name\":\"XR-EASY\",\"description\":\"Experience your CAD Models in VR\",\"publisher\":{\"@id\":\"https:\/\/xr-easy.com\/#organization\"},\"potentialAction\":[{\"@type\":\"SearchAction\",\"target\":{\"@type\":\"EntryPoint\",\"urlTemplate\":\"https:\/\/xr-easy.com\/?s={search_term_string}\"},\"query-input\":{\"@type\":\"PropertyValueSpecification\",\"valueRequired\":true,\"valueName\":\"search_term_string\"}}],\"inLanguage\":\"de\"},{\"@type\":\"Organization\",\"@id\":\"https:\/\/xr-easy.com\/#organization\",\"name\":\"R3DT GmbH\",\"url\":\"https:\/\/xr-easy.com\/\",\"logo\":{\"@type\":\"ImageObject\",\"inLanguage\":\"de\",\"@id\":\"https:\/\/xr-easy.com\/#\/schema\/logo\/image\/\",\"url\":\"https:\/\/xr-easy.com\/wp-content\/uploads\/2022\/07\/r3dt-logo-500px-png.png\",\"contentUrl\":\"https:\/\/xr-easy.com\/wp-content\/uploads\/2022\/07\/r3dt-logo-500px-png.png\",\"width\":500,\"height\":239,\"caption\":\"R3DT GmbH\"},\"image\":{\"@id\":\"https:\/\/xr-easy.com\/#\/schema\/logo\/image\/\"},\"sameAs\":[\"https:\/\/www.facebook.com\/r3dtmeetyourreality\/\",\"https:\/\/x.com\/achimschneider3\",\"https:\/\/www.youtube.com\/channel\/UCKt33qZtUOn4X08y6lVS4fg\",\"https:\/\/www.linkedin.com\/company\/r3dt\/\",\"https:\/\/www.xing.com\/companies\/r3dtgmbh-meetyourreality\"]}]}<\/script>\n<!-- \/ Yoast SEO plugin. -->","yoast_head_json":{"title":"Partnerschaften - XR-EASY","description":"Wir helfen Anbietern von 3D-CAD- und Planungssoftware, ihren Benutzern das beste VR-Erlebnis zu bieten. Z\u00f6gern Sie nicht uns zu kontaktieren!","robots":{"index":"index","follow":"follow","max-snippet":"max-snippet:-1","max-image-preview":"max-image-preview:large","max-video-preview":"max-video-preview:-1"},"canonical":"https:\/\/xr-easy.com\/de\/partnerschaften\/","og_locale":"de_DE","og_type":"article","og_title":"Partnerschaften - XR-EASY","og_description":"Wir helfen Anbietern von 3D-CAD- und Planungssoftware, ihren Benutzern das beste VR-Erlebnis zu bieten. Z\u00f6gern Sie nicht uns zu kontaktieren!","og_url":"https:\/\/xr-easy.com\/de\/partnerschaften\/","og_site_name":"XR-EASY","article_publisher":"https:\/\/www.facebook.com\/r3dtmeetyourreality\/","article_modified_time":"2025-01-08T14:55:56+00:00","twitter_card":"summary_large_image","twitter_site":"@achimschneider3","twitter_misc":{"Gesch\u00e4tzte Lesezeit":"3\u00a0Minuten"},"schema":{"@context":"https:\/\/schema.org","@graph":[{"@type":"WebPage","@id":"https:\/\/xr-easy.com\/de\/partnerschaften\/","url":"https:\/\/xr-easy.com\/de\/partnerschaften\/","name":"Partnerschaften - XR-EASY","isPartOf":{"@id":"https:\/\/xr-easy.com\/#website"},"datePublished":"2022-08-09T20:07:54+00:00","dateModified":"2025-01-08T14:55:56+00:00","description":"Wir helfen Anbietern von 3D-CAD- und Planungssoftware, ihren Benutzern das beste VR-Erlebnis zu bieten. Z\u00f6gern Sie nicht uns zu kontaktieren!","breadcrumb":{"@id":"https:\/\/xr-easy.com\/de\/partnerschaften\/#breadcrumb"},"inLanguage":"de","potentialAction":[{"@type":"ReadAction","target":["https:\/\/xr-easy.com\/de\/partnerschaften\/"]}]},{"@type":"BreadcrumbList","@id":"https:\/\/xr-easy.com\/de\/partnerschaften\/#breadcrumb","itemListElement":[{"@type":"ListItem","position":1,"name":"Home","item":"https:\/\/xr-easy.com\/de\/"},{"@type":"ListItem","position":2,"name":"Partnerschaften"}]},{"@type":"WebSite","@id":"https:\/\/xr-easy.com\/#website","url":"https:\/\/xr-easy.com\/","name":"XR-EASY","description":"Experience your CAD Models in VR","publisher":{"@id":"https:\/\/xr-easy.com\/#organization"},"potentialAction":[{"@type":"SearchAction","target":{"@type":"EntryPoint","urlTemplate":"https:\/\/xr-easy.com\/?s={search_term_string}"},"query-input":{"@type":"PropertyValueSpecification","valueRequired":true,"valueName":"search_term_string"}}],"inLanguage":"de"},{"@type":"Organization","@id":"https:\/\/xr-easy.com\/#organization","name":"R3DT GmbH","url":"https:\/\/xr-easy.com\/","logo":{"@type":"ImageObject","inLanguage":"de","@id":"https:\/\/xr-easy.com\/#\/schema\/logo\/image\/","url":"https:\/\/xr-easy.com\/wp-content\/uploads\/2022\/07\/r3dt-logo-500px-png.png","contentUrl":"https:\/\/xr-easy.com\/wp-content\/uploads\/2022\/07\/r3dt-logo-500px-png.png","width":500,"height":239,"caption":"R3DT GmbH"},"image":{"@id":"https:\/\/xr-easy.com\/#\/schema\/logo\/image\/"},"sameAs":["https:\/\/www.facebook.com\/r3dtmeetyourreality\/","https:\/\/x.com\/achimschneider3","https:\/\/www.youtube.com\/channel\/UCKt33qZtUOn4X08y6lVS4fg","https:\/\/www.linkedin.com\/company\/r3dt\/","https:\/\/www.xing.com\/companies\/r3dtgmbh-meetyourreality"]}]}},"_links":{"self":[{"href":"https:\/\/xr-easy.com\/de\/wp-json\/wp\/v2\/pages\/3174","targetHints":{"allow":["GET"]}}],"collection":[{"href":"https:\/\/xr-easy.com\/de\/wp-json\/wp\/v2\/pages"}],"about":[{"href":"https:\/\/xr-easy.com\/de\/wp-json\/wp\/v2\/types\/page"}],"author":[{"embeddable":true,"href":"https:\/\/xr-easy.com\/de\/wp-json\/wp\/v2\/users\/1"}],"replies":[{"embeddable":true,"href":"https:\/\/xr-easy.com\/de\/wp-json\/wp\/v2\/comments?post=3174"}],"version-history":[{"count":11,"href":"https:\/\/xr-easy.com\/de\/wp-json\/wp\/v2\/pages\/3174\/revisions"}],"predecessor-version":[{"id":11051,"href":"https:\/\/xr-easy.com\/de\/wp-json\/wp\/v2\/pages\/3174\/revisions\/11051"}],"wp:attachment":[{"href":"https:\/\/xr-easy.com\/de\/wp-json\/wp\/v2\/media?parent=3174"}],"curies":[{"name":"wp","href":"https:\/\/api.w.org\/{rel}","templated":true}]}}