{"id":4114,"date":"2022-09-20T18:07:40","date_gmt":"2022-09-20T16:07:40","guid":{"rendered":"https:\/\/xr-easy.com\/cad-file-conversion\/"},"modified":"2025-05-28T12:18:08","modified_gmt":"2025-05-28T10:18:08","slug":"cad-konvertierung","status":"publish","type":"page","link":"https:\/\/xr-easy.com\/de\/cad-konvertierung\/","title":{"rendered":"CAD-Konvertierung"},"content":{"rendered":"<section class=\"l-section wpb_row first-row no-header height_large color_alternate\"><div class=\"l-section-h i-cf\"><div class=\"g-cols vc_row via_grid cols_1 laptops-cols_inherit tablets-cols_inherit mobiles-cols_1 valign_top type_default stacking_default\"><div class=\"wpb_column vc_column_container\"><div class=\"vc_column-inner\"><div class=\"wpb_text_column us_custom_c8f41e59\"><div class=\"wpb_wrapper\"><h1 style=\"text-align: center;\">Jetzt 3D-Modell hochladen und virtuellen Zwilling zum Test erhalten<\/h1>\n<\/div><\/div><div class=\"w-separator size_small\"><\/div><div class=\"wpb_text_column us_custom_2ff15fa5\"><div class=\"wpb_wrapper\"><p style=\"text-align: center;\">Die kostenlose BASIC-Edition enth\u00e4lt keinen automatischen CAD-Konverter. Wir k\u00f6nnen jedoch Ihre 3D-CAD-Datei testweise konvertieren und Ihnen zusenden. Voraussetzung daf\u00fcr ist, dass Sie uns gesch\u00e4ftliche Kontaktdaten mitteilen.<\/p>\n<\/div><\/div><\/div><\/div><\/div><\/div><\/section><section class=\"l-section wpb_row height_large\"><div class=\"l-section-h i-cf\"><div class=\"g-cols vc_row via_grid cols_1 laptops-cols_inherit tablets-cols_inherit mobiles-cols_1 valign_top type_default stacking_default\"><div class=\"wpb_column vc_column_container us_custom_2ff15fa5\"><div class=\"vc_column-inner\"><div class=\"wpb_text_column\"><div class=\"wpb_wrapper\"><ul>\n<li>Laden Sie im folgenden Formular Ihre 3D-CAD-Datei(en) hoch (max. 100 MB)<\/li>\n<li>Wenn die Datei(en) die Anforderungen erf\u00fcllen, senden wir Ihnen innerhalb von 24 Stunden einen Download-Link mit den konvertierten VR-Modellen zu<\/li>\n<\/ul>\n<\/div><\/div><div class=\"w-separator size_medium\"><\/div><div class=\"w-html\"><script charset=\"utf-8\" type=\"text\/javascript\" src=\"\/\/js-eu1.hsforms.net\/forms\/embed\/v2.js\"><\/script>\n<script>\n  hbspt.forms.create({\n    portalId: \"8647763\",\n    formId: \"22e808b5-8067-4dee-8eca-b5d8c46f1857\"\n  });\n<\/script><\/div><\/div><\/div><\/div><\/div><\/section>\n","protected":false},"excerpt":{"rendered":"Jetzt 3D-Modell hochladen und virtuellen Zwilling zum Test erhalten Die kostenlose BASIC-Edition enth\u00e4lt keinen automatischen CAD-Konverter. Wir k\u00f6nnen jedoch Ihre 3D-CAD-Datei testweise konvertieren und Ihnen zusenden. Voraussetzung daf\u00fcr ist, dass Sie uns gesch\u00e4ftliche Kontaktdaten mitteilen. Laden Sie im folgenden Formular Ihre 3D-CAD-Datei(en) hoch (max. 100 MB) Wenn die Datei(en) die Anforderungen erf\u00fcllen, senden wir Ihnen...","protected":false},"author":1,"featured_media":0,"parent":0,"menu_order":0,"comment_status":"closed","ping_status":"closed","template":"","meta":{"_acf_changed":false,"footnotes":""},"class_list":["post-4114","page","type-page","status-publish","hentry"],"acf":[],"yoast_head":"<!-- This site is optimized with the Yoast SEO plugin v27.1.1 - https:\/\/yoast.com\/product\/yoast-seo-wordpress\/ -->\n<title>CAD-Konvertierung - XR-EASY<\/title>\n<meta name=\"description\" content=\"Die kostenlose Edition von XR-EASY enth\u00e4lt kein automatischen CAD-Konverter. Wir k\u00f6nnen jedoch Ihre 3D-CAD-Datei(en) testweise konvertieren!\" \/>\n<meta name=\"robots\" content=\"index, follow, max-snippet:-1, max-image-preview:large, max-video-preview:-1\" \/>\n<link rel=\"canonical\" href=\"https:\/\/xr-easy.com\/cad-file-conversion\/\" \/>\n<meta property=\"og:locale\" content=\"de_DE\" \/>\n<meta property=\"og:type\" content=\"article\" \/>\n<meta property=\"og:title\" content=\"CAD-Konvertierung - XR-EASY\" \/>\n<meta property=\"og:description\" content=\"Die kostenlose Edition von XR-EASY enth\u00e4lt kein automatischen CAD-Konverter. Wir k\u00f6nnen jedoch Ihre 3D-CAD-Datei(en) testweise konvertieren!\" \/>\n<meta property=\"og:url\" content=\"https:\/\/xr-easy.com\/cad-file-conversion\/\" \/>\n<meta property=\"og:site_name\" content=\"XR-EASY\" \/>\n<meta property=\"article:publisher\" content=\"https:\/\/www.facebook.com\/r3dtmeetyourreality\/\" \/>\n<meta property=\"article:modified_time\" content=\"2025-05-28T10:18:08+00:00\" \/>\n<meta name=\"twitter:card\" content=\"summary_large_image\" \/>\n<meta name=\"twitter:site\" content=\"@achimschneider3\" \/>\n<meta name=\"twitter:label1\" content=\"Gesch\u00e4tzte Lesezeit\" \/>\n\t<meta name=\"twitter:data1\" content=\"1\u00a0Minute\" \/>\n<script type=\"application\/ld+json\" class=\"yoast-schema-graph\">{\"@context\":\"https:\/\/schema.org\",\"@graph\":[{\"@type\":\"WebPage\",\"@id\":\"https:\/\/xr-easy.com\/cad-file-conversion\/\",\"url\":\"https:\/\/xr-easy.com\/cad-file-conversion\/\",\"name\":\"CAD-Konvertierung - XR-EASY\",\"isPartOf\":{\"@id\":\"https:\/\/xr-easy.com\/#website\"},\"datePublished\":\"2022-09-20T16:07:40+00:00\",\"dateModified\":\"2025-05-28T10:18:08+00:00\",\"description\":\"Die kostenlose Edition von XR-EASY enth\u00e4lt kein automatischen CAD-Konverter. Wir k\u00f6nnen jedoch Ihre 3D-CAD-Datei(en) testweise konvertieren!\",\"breadcrumb\":{\"@id\":\"https:\/\/xr-easy.com\/cad-file-conversion\/#breadcrumb\"},\"inLanguage\":\"de\",\"potentialAction\":[{\"@type\":\"ReadAction\",\"target\":[\"https:\/\/xr-easy.com\/cad-file-conversion\/\"]}]},{\"@type\":\"BreadcrumbList\",\"@id\":\"https:\/\/xr-easy.com\/cad-file-conversion\/#breadcrumb\",\"itemListElement\":[{\"@type\":\"ListItem\",\"position\":1,\"name\":\"Home\",\"item\":\"https:\/\/xr-easy.com\/de\/\"},{\"@type\":\"ListItem\",\"position\":2,\"name\":\"CAD-Konvertierung\"}]},{\"@type\":\"WebSite\",\"@id\":\"https:\/\/xr-easy.com\/#website\",\"url\":\"https:\/\/xr-easy.com\/\",\"name\":\"XR-EASY\",\"description\":\"Experience your CAD Models in VR\",\"publisher\":{\"@id\":\"https:\/\/xr-easy.com\/#organization\"},\"potentialAction\":[{\"@type\":\"SearchAction\",\"target\":{\"@type\":\"EntryPoint\",\"urlTemplate\":\"https:\/\/xr-easy.com\/?s={search_term_string}\"},\"query-input\":{\"@type\":\"PropertyValueSpecification\",\"valueRequired\":true,\"valueName\":\"search_term_string\"}}],\"inLanguage\":\"de\"},{\"@type\":\"Organization\",\"@id\":\"https:\/\/xr-easy.com\/#organization\",\"name\":\"R3DT GmbH\",\"url\":\"https:\/\/xr-easy.com\/\",\"logo\":{\"@type\":\"ImageObject\",\"inLanguage\":\"de\",\"@id\":\"https:\/\/xr-easy.com\/#\/schema\/logo\/image\/\",\"url\":\"https:\/\/xr-easy.com\/wp-content\/uploads\/2022\/07\/r3dt-logo-500px-png.png\",\"contentUrl\":\"https:\/\/xr-easy.com\/wp-content\/uploads\/2022\/07\/r3dt-logo-500px-png.png\",\"width\":500,\"height\":239,\"caption\":\"R3DT GmbH\"},\"image\":{\"@id\":\"https:\/\/xr-easy.com\/#\/schema\/logo\/image\/\"},\"sameAs\":[\"https:\/\/www.facebook.com\/r3dtmeetyourreality\/\",\"https:\/\/x.com\/achimschneider3\",\"https:\/\/www.youtube.com\/channel\/UCKt33qZtUOn4X08y6lVS4fg\",\"https:\/\/www.linkedin.com\/company\/r3dt\/\",\"https:\/\/www.xing.com\/companies\/r3dtgmbh-meetyourreality\"]}]}<\/script>\n<!-- \/ Yoast SEO plugin. -->","yoast_head_json":{"title":"CAD-Konvertierung - XR-EASY","description":"Die kostenlose Edition von XR-EASY enth\u00e4lt kein automatischen CAD-Konverter. Wir k\u00f6nnen jedoch Ihre 3D-CAD-Datei(en) testweise konvertieren!","robots":{"index":"index","follow":"follow","max-snippet":"max-snippet:-1","max-image-preview":"max-image-preview:large","max-video-preview":"max-video-preview:-1"},"canonical":"https:\/\/xr-easy.com\/cad-file-conversion\/","og_locale":"de_DE","og_type":"article","og_title":"CAD-Konvertierung - XR-EASY","og_description":"Die kostenlose Edition von XR-EASY enth\u00e4lt kein automatischen CAD-Konverter. Wir k\u00f6nnen jedoch Ihre 3D-CAD-Datei(en) testweise konvertieren!","og_url":"https:\/\/xr-easy.com\/cad-file-conversion\/","og_site_name":"XR-EASY","article_publisher":"https:\/\/www.facebook.com\/r3dtmeetyourreality\/","article_modified_time":"2025-05-28T10:18:08+00:00","twitter_card":"summary_large_image","twitter_site":"@achimschneider3","twitter_misc":{"Gesch\u00e4tzte Lesezeit":"1\u00a0Minute"},"schema":{"@context":"https:\/\/schema.org","@graph":[{"@type":"WebPage","@id":"https:\/\/xr-easy.com\/cad-file-conversion\/","url":"https:\/\/xr-easy.com\/cad-file-conversion\/","name":"CAD-Konvertierung - XR-EASY","isPartOf":{"@id":"https:\/\/xr-easy.com\/#website"},"datePublished":"2022-09-20T16:07:40+00:00","dateModified":"2025-05-28T10:18:08+00:00","description":"Die kostenlose Edition von XR-EASY enth\u00e4lt kein automatischen CAD-Konverter. Wir k\u00f6nnen jedoch Ihre 3D-CAD-Datei(en) testweise konvertieren!","breadcrumb":{"@id":"https:\/\/xr-easy.com\/cad-file-conversion\/#breadcrumb"},"inLanguage":"de","potentialAction":[{"@type":"ReadAction","target":["https:\/\/xr-easy.com\/cad-file-conversion\/"]}]},{"@type":"BreadcrumbList","@id":"https:\/\/xr-easy.com\/cad-file-conversion\/#breadcrumb","itemListElement":[{"@type":"ListItem","position":1,"name":"Home","item":"https:\/\/xr-easy.com\/de\/"},{"@type":"ListItem","position":2,"name":"CAD-Konvertierung"}]},{"@type":"WebSite","@id":"https:\/\/xr-easy.com\/#website","url":"https:\/\/xr-easy.com\/","name":"XR-EASY","description":"Experience your CAD Models in VR","publisher":{"@id":"https:\/\/xr-easy.com\/#organization"},"potentialAction":[{"@type":"SearchAction","target":{"@type":"EntryPoint","urlTemplate":"https:\/\/xr-easy.com\/?s={search_term_string}"},"query-input":{"@type":"PropertyValueSpecification","valueRequired":true,"valueName":"search_term_string"}}],"inLanguage":"de"},{"@type":"Organization","@id":"https:\/\/xr-easy.com\/#organization","name":"R3DT GmbH","url":"https:\/\/xr-easy.com\/","logo":{"@type":"ImageObject","inLanguage":"de","@id":"https:\/\/xr-easy.com\/#\/schema\/logo\/image\/","url":"https:\/\/xr-easy.com\/wp-content\/uploads\/2022\/07\/r3dt-logo-500px-png.png","contentUrl":"https:\/\/xr-easy.com\/wp-content\/uploads\/2022\/07\/r3dt-logo-500px-png.png","width":500,"height":239,"caption":"R3DT GmbH"},"image":{"@id":"https:\/\/xr-easy.com\/#\/schema\/logo\/image\/"},"sameAs":["https:\/\/www.facebook.com\/r3dtmeetyourreality\/","https:\/\/x.com\/achimschneider3","https:\/\/www.youtube.com\/channel\/UCKt33qZtUOn4X08y6lVS4fg","https:\/\/www.linkedin.com\/company\/r3dt\/","https:\/\/www.xing.com\/companies\/r3dtgmbh-meetyourreality"]}]}},"_links":{"self":[{"href":"https:\/\/xr-easy.com\/de\/wp-json\/wp\/v2\/pages\/4114","targetHints":{"allow":["GET"]}}],"collection":[{"href":"https:\/\/xr-easy.com\/de\/wp-json\/wp\/v2\/pages"}],"about":[{"href":"https:\/\/xr-easy.com\/de\/wp-json\/wp\/v2\/types\/page"}],"author":[{"embeddable":true,"href":"https:\/\/xr-easy.com\/de\/wp-json\/wp\/v2\/users\/1"}],"replies":[{"embeddable":true,"href":"https:\/\/xr-easy.com\/de\/wp-json\/wp\/v2\/comments?post=4114"}],"version-history":[{"count":10,"href":"https:\/\/xr-easy.com\/de\/wp-json\/wp\/v2\/pages\/4114\/revisions"}],"predecessor-version":[{"id":11274,"href":"https:\/\/xr-easy.com\/de\/wp-json\/wp\/v2\/pages\/4114\/revisions\/11274"}],"wp:attachment":[{"href":"https:\/\/xr-easy.com\/de\/wp-json\/wp\/v2\/media?parent=4114"}],"curies":[{"name":"wp","href":"https:\/\/api.w.org\/{rel}","templated":true}]}}